{"id":141,"date":"2025-04-28T21:06:56","date_gmt":"2025-04-28T19:06:56","guid":{"rendered":"http:\/\/kazdedzieckomatalent.pl\/?page_id=141"},"modified":"2025-05-21T20:26:26","modified_gmt":"2025-05-21T18:26:26","slug":"o-projekcie","status":"publish","type":"page","link":"https:\/\/kazdedzieckomatalent.pl\/index.php\/o-projekcie\/","title":{"rendered":"O PROJEKCIE"},"content":{"rendered":"\t\t<div data-elementor-type=\"wp-page\" data-elementor-id=\"141\" class=\"elementor elementor-141\" data-elementor-post-type=\"page\">\n\t\t\t\t<div class=\"elementor-element elementor-element-5b5b3f1f e-con-full e-flex e-con e-parent\" data-id=\"5b5b3f1f\" data-element_type=\"container\">\n\t\t<div class=\"elementor-element elementor-element-4b9e4aa8 e-con-full e-flex e-con e-child\" data-id=\"4b9e4aa8\" data-element_type=\"container\">\n\t\t\t\t<div class=\"elementor-element elementor-element-3f363f4 elementor-widget elementor-widget-heading\" data-id=\"3f363f4\" data-element_type=\"widget\" data-widget_type=\"heading.default\">\n\t\t\t\t<div class=\"elementor-widget-container\">\n\t\t\t\t\t<h1 class=\"elementor-heading-title elementor-size-default\">\u201eKa\u017cde dziecko ma talent.<br> Rozw\u00f3j kompetencji kulturowych\u201d<\/h1>\t\t\t\t<\/div>\n\t\t\t\t<\/div>\n\t\t\t\t<div class=\"elementor-element elementor-element-3555b863 elementor-widget elementor-widget-text-editor\" data-id=\"3555b863\" data-element_type=\"widget\" data-widget_type=\"text-editor.default\">\n\t\t\t\t<div class=\"elementor-widget-container\">\n\t\t\t\t\t\t\t\t\t<p>jest cyklicznym przedsi\u0119wzi\u0119ciem edukacyjnym, realizowanym\u00a0<span style=\"font-style: inherit; font-weight: inherit;\">od 2019 roku. <\/span><\/p><p>Podj\u0119te dzia\u0142ania pedagogiczne i wychowawcze s\u0105 skierowane na potrzeby zwi\u0105zane ze zharmonizowanym rozwojem dzieci, kszta\u0142towaniem uwagi poznawczej <span style=\"font-style: inherit; font-weight: inherit;\">i wra\u017cliwo\u015bci estetycznej, poprzez sztuk\u0119 malarsk\u0105.<\/span><\/p>\t\t\t\t\t\t\t\t<\/div>\n\t\t\t\t<\/div>\n\t\t\t\t<div class=\"elementor-element elementor-element-a72afff elementor-widget elementor-widget-text-editor\" data-id=\"a72afff\" data-element_type=\"widget\" data-widget_type=\"text-editor.default\">\n\t\t\t\t<div class=\"elementor-widget-container\">\n\t\t\t\t\t\t\t\t\t<p>G\u0142\u00f3wnym celem zadania b\u0119dzie stworzenie ma\u0142opolskim uczniom warunk\u00f3w do odkrywania talent\u00f3w i rozwijania kompetencji, potencja\u0142u, wiedzy i aktywno\u015bci tw\u00f3rczej na r\u00f3\u017cnych p\u0142aszczyznach ich dzia\u0142alno\u015bci, w ramach edukacji pozaszkolnej, poprzez interaktywne warsztaty malarskie z Artyst\u0105.<\/p>\t\t\t\t\t\t\t\t<\/div>\n\t\t\t\t<\/div>\n\t\t\t\t<div class=\"elementor-element elementor-element-e7a1d9f elementor-widget-mobile__width-initial elementor-widget elementor-widget-text-editor\" data-id=\"e7a1d9f\" data-element_type=\"widget\" data-widget_type=\"text-editor.default\">\n\t\t\t\t<div class=\"elementor-widget-container\">\n\t\t\t\t\t\t\t\t\t<p>Miejscem realizacji zadania jest miasto Krak\u00f3w.<\/p><p>Uczestnikami projektu s\u0105 dzieci i m\u0142odzie\u017c z Ma\u0142opolski.<\/p>\t\t\t\t\t\t\t\t<\/div>\n\t\t\t\t<\/div>\n\t\t\t\t<\/div>\n\t\t<div class=\"elementor-element elementor-element-5100e6e1 e-con-full e-flex e-con e-child\" data-id=\"5100e6e1\" data-element_type=\"container\" data-settings=\"{&quot;background_background&quot;:&quot;classic&quot;}\">\n\t\t\t\t<\/div>\n\t\t\t\t<\/div>\n\t\t<div class=\"elementor-element elementor-element-343c8e16 e-flex e-con-boxed e-con e-parent\" data-id=\"343c8e16\" data-element_type=\"container\">\n\t\t\t\t\t<div class=\"e-con-inner\">\n\t\t\t\t<div class=\"elementor-element elementor-element-444dcd4 elementor-widget-mobile__width-initial elementor-widget elementor-widget-text-editor\" data-id=\"444dcd4\" data-element_type=\"widget\" data-widget_type=\"text-editor.default\">\n\t\t\t\t<div class=\"elementor-widget-container\">\n\t\t\t\t\t\t\t\t\t<p>Przedsi\u0119wzi\u0119cie ma charakter nieodp\u0142atny i jest podzielone na dwa etapy:<\/p>\t\t\t\t\t\t\t\t<\/div>\n\t\t\t\t<\/div>\n\t\t<div class=\"elementor-element elementor-element-22afc531 e-con-full e-flex e-con e-child\" data-id=\"22afc531\" data-element_type=\"container\">\n\t\t\t\t<div class=\"elementor-element elementor-element-6d9e200d elementor-widget__width-initial elementor-widget-mobile__width-inherit elementor-position-top elementor-position-top elementor-widget elementor-widget-image-box\" data-id=\"6d9e200d\" data-element_type=\"widget\" data-widget_type=\"image-box.default\">\n\t\t\t\t<div class=\"elementor-widget-container\">\n\t\t\t\t\t<div class=\"elementor-image-box-wrapper\"><figure class=\"elementor-image-box-img\"><img fetchpriority=\"high\" decoding=\"async\" width=\"2560\" height=\"1707\" src=\"https:\/\/kazdedzieckomatalent.pl\/wp-content\/uploads\/2025\/05\/IMG_7173-scaled.jpg\" class=\"elementor-animation-grow attachment-full size-full wp-image-1658\" alt=\"\" srcset=\"https:\/\/kazdedzieckomatalent.pl\/wp-content\/uploads\/2025\/05\/IMG_7173-scaled.jpg 2560w, https:\/\/kazdedzieckomatalent.pl\/wp-content\/uploads\/2025\/05\/IMG_7173-300x200.jpg 300w, https:\/\/kazdedzieckomatalent.pl\/wp-content\/uploads\/2025\/05\/IMG_7173-1024x683.jpg 1024w, https:\/\/kazdedzieckomatalent.pl\/wp-content\/uploads\/2025\/05\/IMG_7173-768x512.jpg 768w, https:\/\/kazdedzieckomatalent.pl\/wp-content\/uploads\/2025\/05\/IMG_7173-1536x1024.jpg 1536w, https:\/\/kazdedzieckomatalent.pl\/wp-content\/uploads\/2025\/05\/IMG_7173-2048x1365.jpg 2048w\" sizes=\"(max-width: 2560px) 100vw, 2560px\" \/><\/figure><div class=\"elementor-image-box-content\"><h4 class=\"elementor-image-box-title\">I. Realizacja warsztat\u00f3w malarskich pt. \"Ma\u0142opolskie dziedzictwo kulturowe i naturalne w obrazach\"<\/h4><p class=\"elementor-image-box-description\">Zaj\u0119cia ze sztuki malarskiej s\u0105 realizowane w atelier Parku Wodnego w Krakowie. Poziom trudno\u015bci jest dopasowany do indywidualnych mo\u017cliwo\u015bci uczestnik\u00f3w i ich funkcji poznawczych. Zadaniem uczestnik\u00f3w jest namalowanie jednego obrazu, do kt\u00f3rego instrukta\u017c udzieli Artysta. Uczestnicy zasiadaj\u0105c\nprzed sztalugami na wprost \"czystego\" podobrazia, podejm\u0105 pr\u00f3b\u0119 stworzenia w\u0142asnego, niepowtarzalnego dzie\u0142a, na podstawie wcze\u015bniej namalowanego\nobrazu przez Artyst\u0119. Prowadz\u0105cy, w formie malowania synchronicznego maluje krok po kroku wcze\u015bniej powsta\u0142y obraz, ukazuj\u0105c ka\u017cdy etap jego\npowstawania. Temat warsztat\u00f3w jest zwi\u0105zany z regionem Ma\u0142opolski i \u015bci\u015ble nawi\u0105zuje do jego dziedzictwa kulturowego lub naturalnego.<\/p><\/div><\/div>\t\t\t\t<\/div>\n\t\t\t\t<\/div>\n\t\t\t\t<div class=\"elementor-element elementor-element-526220f3 elementor-widget__width-initial elementor-widget-mobile__width-inherit elementor-position-top elementor-widget elementor-widget-image-box\" data-id=\"526220f3\" data-element_type=\"widget\" data-widget_type=\"image-box.default\">\n\t\t\t\t<div class=\"elementor-widget-container\">\n\t\t\t\t\t<div class=\"elementor-image-box-wrapper\"><figure class=\"elementor-image-box-img\"><img decoding=\"async\" width=\"1587\" height=\"1199\" src=\"https:\/\/kazdedzieckomatalent.pl\/wp-content\/uploads\/2025\/05\/basen.png\" class=\"elementor-animation-grow attachment-full size-full wp-image-1654\" alt=\"\" srcset=\"https:\/\/kazdedzieckomatalent.pl\/wp-content\/uploads\/2025\/05\/basen.png 1587w, https:\/\/kazdedzieckomatalent.pl\/wp-content\/uploads\/2025\/05\/basen-300x227.png 300w, https:\/\/kazdedzieckomatalent.pl\/wp-content\/uploads\/2025\/05\/basen-1024x774.png 1024w, https:\/\/kazdedzieckomatalent.pl\/wp-content\/uploads\/2025\/05\/basen-768x580.png 768w, https:\/\/kazdedzieckomatalent.pl\/wp-content\/uploads\/2025\/05\/basen-1536x1160.png 1536w\" sizes=\"(max-width: 1587px) 100vw, 1587px\" \/><\/figure><div class=\"elementor-image-box-content\"><h4 class=\"elementor-image-box-title\">II. Zaj\u0119cia stymuluj\u0105ce na hali basenowej Parku Wodnego w Krakowie<\/h4><p class=\"elementor-image-box-description\">Uczestnicy w czasie dw\u00f3ch godzin maj\u0105 do dyspozycji wszystkie dost\u0119pnie atrakcje w przestrzeni hali basenowej, dost\u0119pne do ich wieku.\nProponowane zdanie skutecznie przeciwdzia\u0142a w\u0105skiemu zakresowi szkolnej edukacji artystycznej\n- wychowania przez sztuk\u0119. Udzia\u0142 w warsztatach pomaga w rozwoju zdolno\u015bci tw\u00f3rczych dzieci, kt\u00f3rzy ucz\u0105 si\u0119 my\u015ble\u0107 poza utartymi schematami, kszta\u0142tuj\u0105c\nwra\u017cliwo\u015b\u0107 zmys\u0142ow\u0105, emocjonaln\u0105\ni intelektualn\u0105, odkrywaj\u0105c \u015bwiat barw i kolor\u00f3w. Ponadto pomaga zrozumie\u0107, \u017ce pi\u0119kno jest obiektywn\u0105 warto\u015bci\u0105 o kt\u00f3r\u0105 si\u0119 zabiega, kt\u00f3r\u0105 si\u0119 chroni i\npiel\u0119gnuje.<\/p><\/div><\/div>\t\t\t\t<\/div>\n\t\t\t\t<\/div>\n\t\t\t\t<\/div>\n\t\t\t\t<div class=\"elementor-element elementor-element-41c8d74 elementor-widget elementor-widget-text-editor\" data-id=\"41c8d74\" data-element_type=\"widget\" data-widget_type=\"text-editor.default\">\n\t\t\t\t<div class=\"elementor-widget-container\">\n\t\t\t\t\t\t\t\t\t<p>Zadanie zrealizowane przy wsparciu finansowym Wojew\u00f3dztwa Ma\u0142opolskiego<\/p>\t\t\t\t\t\t\t\t<\/div>\n\t\t\t\t<\/div>\n\t\t\t\t<div class=\"elementor-element elementor-element-d070a97 elementor-widget elementor-widget-image\" data-id=\"d070a97\" data-element_type=\"widget\" data-widget_type=\"image.default\">\n\t\t\t\t<div class=\"elementor-widget-container\">\n\t\t\t\t\t\t\t\t\t\t\t\t\t\t\t<img decoding=\"async\" width=\"1024\" height=\"140\" src=\"https:\/\/kazdedzieckomatalent.pl\/wp-content\/uploads\/2025\/05\/malopolska-logo-1024x140.png\" class=\"attachment-large size-large wp-image-1310\" alt=\"\" srcset=\"https:\/\/kazdedzieckomatalent.pl\/wp-content\/uploads\/2025\/05\/malopolska-logo-1024x140.png 1024w, https:\/\/kazdedzieckomatalent.pl\/wp-content\/uploads\/2025\/05\/malopolska-logo-300x41.png 300w, https:\/\/kazdedzieckomatalent.pl\/wp-content\/uploads\/2025\/05\/malopolska-logo-768x105.png 768w, https:\/\/kazdedzieckomatalent.pl\/wp-content\/uploads\/2025\/05\/malopolska-logo-1536x211.png 1536w, https:\/\/kazdedzieckomatalent.pl\/wp-content\/uploads\/2025\/05\/malopolska-logo.png 1670w\" sizes=\"(max-width: 1024px) 100vw, 1024px\" \/>\t\t\t\t\t\t\t\t\t\t\t\t\t\t\t<\/div>\n\t\t\t\t<\/div>\n\t\t\t\t<div class=\"elementor-element elementor-element-9293e54 elementor-widget elementor-widget-spacer\" data-id=\"9293e54\" data-element_type=\"widget\" data-widget_type=\"spacer.default\">\n\t\t\t\t<div class=\"elementor-widget-container\">\n\t\t\t\t\t\t\t<div class=\"elementor-spacer\">\n\t\t\t<div class=\"elementor-spacer-inner\"><\/div>\n\t\t<\/div>\n\t\t\t\t\t\t<\/div>\n\t\t\t\t<\/div>\n\t\t\t\t\t<\/div>\n\t\t\t\t<\/div>\n\t\t\t\t<\/div>\n\t\t","protected":false},"excerpt":{"rendered":"<p>\u201eKa\u017cde dziecko ma talent. Rozw\u00f3j kompetencji kulturowych\u201d jest cyklicznym przedsi\u0119wzi\u0119ciem edukacyjnym, realizowanym\u00a0od 2019 roku. Podj\u0119te dzia\u0142ania pedagogiczne i wychowawcze s\u0105 [&hellip;]<\/p>\n","protected":false},"author":1,"featured_media":0,"parent":0,"menu_order":0,"comment_status":"closed","ping_status":"closed","template":"elementor_header_footer","meta":{"site-sidebar-layout":"default","site-content-layout":"","ast-site-content-layout":"","site-content-style":"default","site-sidebar-style":"default","ast-global-header-display":"","ast-banner-title-visibility":"","ast-main-header-display":"","ast-hfb-above-header-display":"","ast-hfb-below-header-display":"","ast-hfb-mobile-header-display":"","site-post-title":"","ast-breadcrumbs-content":"","ast-featured-img":"","footer-sml-layout":"","theme-transparent-header-meta":"","adv-header-id-meta":"","stick-header-meta":"","header-above-stick-meta":"","header-main-stick-meta":"","header-below-stick-meta":"","astra-migrate-meta-layouts":"default","ast-page-background-enabled":"default","ast-page-background-meta":{"desktop":{"background-color":"var(--ast-global-color-5)","background-image":"","background-repeat":"repeat","background-position":"center center","background-size":"auto","background-attachment":"scroll","background-type":"","background-media":"","overlay-type":"","overlay-color":"","overlay-opacity":"","overlay-gradient":""},"tablet":{"background-color":"","background-image":"","background-repeat":"repeat","background-position":"center center","background-size":"auto","background-attachment":"scroll","background-type":"","background-media":"","overlay-type":"","overlay-color":"","overlay-opacity":"","overlay-gradient":""},"mobile":{"background-color":"","background-image":"","background-repeat":"repeat","background-position":"center center","background-size":"auto","background-attachment":"scroll","background-type":"","background-media":"","overlay-type":"","overlay-color":"","overlay-opacity":"","overlay-gradient":""}},"ast-content-background-meta":{"desktop":{"background-color":"var(--ast-global-color-4)","background-image":"","background-repeat":"repeat","background-position":"center center","background-size":"auto","background-attachment":"scroll","background-type":"","background-media":"","overlay-type":"","overlay-color":"","overlay-opacity":"","overlay-gradient":""},"tablet":{"background-color":"var(--ast-global-color-4)","background-image":"","background-repeat":"repeat","background-position":"center center","background-size":"auto","background-attachment":"scroll","background-type":"","background-media":"","overlay-type":"","overlay-color":"","overlay-opacity":"","overlay-gradient":""},"mobile":{"background-color":"var(--ast-global-color-4)","background-image":"","background-repeat":"repeat","background-position":"center center","background-size":"auto","background-attachment":"scroll","background-type":"","background-media":"","overlay-type":"","overlay-color":"","overlay-opacity":"","overlay-gradient":""}},"footnotes":""},"class_list":["post-141","page","type-page","status-publish","hentry"],"_links":{"self":[{"href":"https:\/\/kazdedzieckomatalent.pl\/index.php\/wp-json\/wp\/v2\/pages\/141","targetHints":{"allow":["GET"]}}],"collection":[{"href":"https:\/\/kazdedzieckomatalent.pl\/index.php\/wp-json\/wp\/v2\/pages"}],"about":[{"href":"https:\/\/kazdedzieckomatalent.pl\/index.php\/wp-json\/wp\/v2\/types\/page"}],"author":[{"embeddable":true,"href":"https:\/\/kazdedzieckomatalent.pl\/index.php\/wp-json\/wp\/v2\/users\/1"}],"replies":[{"embeddable":true,"href":"https:\/\/kazdedzieckomatalent.pl\/index.php\/wp-json\/wp\/v2\/comments?post=141"}],"version-history":[{"count":162,"href":"https:\/\/kazdedzieckomatalent.pl\/index.php\/wp-json\/wp\/v2\/pages\/141\/revisions"}],"predecessor-version":[{"id":1712,"href":"https:\/\/kazdedzieckomatalent.pl\/index.php\/wp-json\/wp\/v2\/pages\/141\/revisions\/1712"}],"wp:attachment":[{"href":"https:\/\/kazdedzieckomatalent.pl\/index.php\/wp-json\/wp\/v2\/media?parent=141"}],"curies":[{"name":"wp","href":"https:\/\/api.w.org\/{rel}","templated":true}]}}