{"id":145,"date":"2025-04-28T21:07:47","date_gmt":"2025-04-28T19:07:47","guid":{"rendered":"http:\/\/kazdedzieckomatalent.pl\/?page_id=145"},"modified":"2025-05-20T02:06:58","modified_gmt":"2025-05-20T00:06:58","slug":"o-nas-w-mediach","status":"publish","type":"page","link":"https:\/\/kazdedzieckomatalent.pl\/index.php\/o-nas-w-mediach\/","title":{"rendered":"O NAS W MEDIACH"},"content":{"rendered":"\t\t<div data-elementor-type=\"wp-page\" data-elementor-id=\"145\" class=\"elementor elementor-145\" data-elementor-post-type=\"page\">\n\t\t\t\t<div class=\"elementor-element elementor-element-719cda9 e-grid e-con-full e-con e-parent\" data-id=\"719cda9\" data-element_type=\"container\">\n\t\t\t\t<div class=\"elementor-element elementor-element-13a3337 elementor-view-default elementor-position-top elementor-mobile-position-top elementor-widget elementor-widget-icon-box\" data-id=\"13a3337\" data-element_type=\"widget\" data-widget_type=\"icon-box.default\">\n\t\t\t\t<div class=\"elementor-widget-container\">\n\t\t\t\t\t\t\t<div class=\"elementor-icon-box-wrapper\">\n\n\t\t\t\t\t\t<div class=\"elementor-icon-box-icon\">\n\t\t\t\t<a href=\"https:\/\/tvpkultura.tvp.pl\/72585816\/kazde-dziecko-ma-talent-rozwoj-kompetencji-kulturowych-20232024\" class=\"elementor-icon\" tabindex=\"-1\" aria-label=\"TVP KULTURA\">\n\t\t\t\t<svg aria-hidden=\"true\" class=\"e-font-icon-svg e-fas-tv\" viewBox=\"0 0 640 512\" xmlns=\"http:\/\/www.w3.org\/2000\/svg\"><path d=\"M592 0H48A48 48 0 0 0 0 48v320a48 48 0 0 0 48 48h240v32H112a16 16 0 0 0-16 16v32a16 16 0 0 0 16 16h416a16 16 0 0 0 16-16v-32a16 16 0 0 0-16-16H352v-32h240a48 48 0 0 0 48-48V48a48 48 0 0 0-48-48zm-16 352H64V64h512z\"><\/path><\/svg>\t\t\t\t<\/a>\n\t\t\t<\/div>\n\t\t\t\n\t\t\t\t\t\t<div class=\"elementor-icon-box-content\">\n\n\t\t\t\t\t\t\t\t\t<h3 class=\"elementor-icon-box-title\">\n\t\t\t\t\t\t<a href=\"https:\/\/tvpkultura.tvp.pl\/72585816\/kazde-dziecko-ma-talent-rozwoj-kompetencji-kulturowych-20232024\" >\n\t\t\t\t\t\t\tTVP KULTURA\t\t\t\t\t\t<\/a>\n\t\t\t\t\t<\/h3>\n\t\t\t\t\n\t\t\t\t\t\t\t\t\t<p class=\"elementor-icon-box-description\">\n\t\t\t\t\t\tKliknij i przeczytaj  wi\u0119cej\t\t\t\t\t<\/p>\n\t\t\t\t\n\t\t\t<\/div>\n\t\t\t\n\t\t<\/div>\n\t\t\t\t\t\t<\/div>\n\t\t\t\t<\/div>\n\t\t\t\t<div class=\"elementor-element elementor-element-d214bb6 elementor-view-default elementor-position-top elementor-mobile-position-top elementor-widget elementor-widget-icon-box\" data-id=\"d214bb6\" data-element_type=\"widget\" data-widget_type=\"icon-box.default\">\n\t\t\t\t<div class=\"elementor-widget-container\">\n\t\t\t\t\t\t\t<div class=\"elementor-icon-box-wrapper\">\n\n\t\t\t\t\t\t<div class=\"elementor-icon-box-icon\">\n\t\t\t\t<a href=\"https:\/\/www.radioplus.pl\/krakow\/kazde-dziecko-ma-talent-ruszaja-wyjatkowe-spotkania-najmlodszych-z-kultura-aa-q3HF-vjxZ-7LYP.html\" class=\"elementor-icon\" tabindex=\"-1\" aria-label=\"Radio PLUS Krak\u00f3w\">\n\t\t\t\t<svg aria-hidden=\"true\" class=\"e-font-icon-svg e-fas-music\" viewBox=\"0 0 512 512\" xmlns=\"http:\/\/www.w3.org\/2000\/svg\"><path d=\"M470.38 1.51L150.41 96A32 32 0 0 0 128 126.51v261.41A139 139 0 0 0 96 384c-53 0-96 28.66-96 64s43 64 96 64 96-28.66 96-64V214.32l256-75v184.61a138.4 138.4 0 0 0-32-3.93c-53 0-96 28.66-96 64s43 64 96 64 96-28.65 96-64V32a32 32 0 0 0-41.62-30.49z\"><\/path><\/svg>\t\t\t\t<\/a>\n\t\t\t<\/div>\n\t\t\t\n\t\t\t\t\t\t<div class=\"elementor-icon-box-content\">\n\n\t\t\t\t\t\t\t\t\t<h3 class=\"elementor-icon-box-title\">\n\t\t\t\t\t\t<a href=\"https:\/\/www.radioplus.pl\/krakow\/kazde-dziecko-ma-talent-ruszaja-wyjatkowe-spotkania-najmlodszych-z-kultura-aa-q3HF-vjxZ-7LYP.html\" >\n\t\t\t\t\t\t\tRadio PLUS Krak\u00f3w\t\t\t\t\t\t<\/a>\n\t\t\t\t\t<\/h3>\n\t\t\t\t\n\t\t\t\t\t\t\t\t\t<p class=\"elementor-icon-box-description\">\n\t\t\t\t\t\tKliknij i przeczytaj  wi\u0119cej\t\t\t\t\t<\/p>\n\t\t\t\t\n\t\t\t<\/div>\n\t\t\t\n\t\t<\/div>\n\t\t\t\t\t\t<\/div>\n\t\t\t\t<\/div>\n\t\t\t\t<\/div>\n\t\t<div class=\"elementor-element elementor-element-3d3af1b e-grid e-con-full e-con e-parent\" data-id=\"3d3af1b\" data-element_type=\"container\">\n\t\t\t\t<div class=\"elementor-element elementor-element-a4c91f1 elementor-view-default elementor-position-top elementor-mobile-position-top elementor-widget elementor-widget-icon-box\" data-id=\"a4c91f1\" data-element_type=\"widget\" data-widget_type=\"icon-box.default\">\n\t\t\t\t<div class=\"elementor-widget-container\">\n\t\t\t\t\t\t\t<div class=\"elementor-icon-box-wrapper\">\n\n\t\t\t\t\t\t<div class=\"elementor-icon-box-icon\">\n\t\t\t\t<a href=\"https:\/\/radiokrakowkultura.pl\/podcasty\/kazde-dziecko-ma-talent?%20fbclid=IwY2xjawKUJktleHRuA2FlbQIxMABicmlkETBBTG1YZGVYd2JBTVhoMmNqAR6fUlBRgcVpCG94PrONhOjKteJJsmVlMqheUEr7vF_hjT0dip3G0e\" class=\"elementor-icon\" tabindex=\"-1\" aria-label=\"Radio Krak\u00f3w\">\n\t\t\t\t<svg aria-hidden=\"true\" class=\"e-font-icon-svg e-fas-music\" viewBox=\"0 0 512 512\" xmlns=\"http:\/\/www.w3.org\/2000\/svg\"><path d=\"M470.38 1.51L150.41 96A32 32 0 0 0 128 126.51v261.41A139 139 0 0 0 96 384c-53 0-96 28.66-96 64s43 64 96 64 96-28.66 96-64V214.32l256-75v184.61a138.4 138.4 0 0 0-32-3.93c-53 0-96 28.66-96 64s43 64 96 64 96-28.65 96-64V32a32 32 0 0 0-41.62-30.49z\"><\/path><\/svg>\t\t\t\t<\/a>\n\t\t\t<\/div>\n\t\t\t\n\t\t\t\t\t\t<div class=\"elementor-icon-box-content\">\n\n\t\t\t\t\t\t\t\t\t<h3 class=\"elementor-icon-box-title\">\n\t\t\t\t\t\t<a href=\"https:\/\/radiokrakowkultura.pl\/podcasty\/kazde-dziecko-ma-talent?%20fbclid=IwY2xjawKUJktleHRuA2FlbQIxMABicmlkETBBTG1YZGVYd2JBTVhoMmNqAR6fUlBRgcVpCG94PrONhOjKteJJsmVlMqheUEr7vF_hjT0dip3G0e\" >\n\t\t\t\t\t\t\tRadio Krak\u00f3w\t\t\t\t\t\t<\/a>\n\t\t\t\t\t<\/h3>\n\t\t\t\t\n\t\t\t\t\t\t\t\t\t<p class=\"elementor-icon-box-description\">\n\t\t\t\t\t\tKliknij i przeczytaj  wi\u0119cej\t\t\t\t\t<\/p>\n\t\t\t\t\n\t\t\t<\/div>\n\t\t\t\n\t\t<\/div>\n\t\t\t\t\t\t<\/div>\n\t\t\t\t<\/div>\n\t\t\t\t<div class=\"elementor-element elementor-element-e29c00c elementor-position-top elementor-widget elementor-widget-image-box\" data-id=\"e29c00c\" data-element_type=\"widget\" data-widget_type=\"image-box.default\">\n\t\t\t\t<div class=\"elementor-widget-container\">\n\t\t\t\t\t<div class=\"elementor-image-box-wrapper\"><figure class=\"elementor-image-box-img\"><a href=\"#elementor-action%3Aaction%3Dlightbox%26settings%3DeyJ1cmwiOiJodHRwOlwvXC9rYXpkZWR6aWVja29tYXRhbGVudC5wbFwvd3AtY29udGVudFwvdXBsb2Fkc1wvMjAyNVwvMDVcL08tTmFzLXctbWVkaWFjaC1hcnR5a3VsLVRLLU5JRURaSUVMLTIxLjA0LjIwMjQtc2NhbGVkLmpwZyIsInR5cGUiOiJpbWFnZSIsInRpdGxlIjoiTyBOYXMgdyBtZWRpYWNoIC0gYXJ0eWt1XHUwMTQyIFRLIE5JRURaSUVMIDIxLjA0LjIwMjQifQ%3D%3D\" tabindex=\"-1\"><img fetchpriority=\"high\" decoding=\"async\" width=\"1676\" height=\"2560\" src=\"https:\/\/kazdedzieckomatalent.pl\/wp-content\/uploads\/2025\/05\/O-Nas-w-mediach-artykul-TK-NIEDZIEL-21.04.2024-scaled.jpg\" class=\"attachment-full size-full wp-image-618\" alt=\"\" srcset=\"https:\/\/kazdedzieckomatalent.pl\/wp-content\/uploads\/2025\/05\/O-Nas-w-mediach-artykul-TK-NIEDZIEL-21.04.2024-scaled.jpg 1676w, https:\/\/kazdedzieckomatalent.pl\/wp-content\/uploads\/2025\/05\/O-Nas-w-mediach-artykul-TK-NIEDZIEL-21.04.2024-196x300.jpg 196w, https:\/\/kazdedzieckomatalent.pl\/wp-content\/uploads\/2025\/05\/O-Nas-w-mediach-artykul-TK-NIEDZIEL-21.04.2024-670x1024.jpg 670w, https:\/\/kazdedzieckomatalent.pl\/wp-content\/uploads\/2025\/05\/O-Nas-w-mediach-artykul-TK-NIEDZIEL-21.04.2024-768x1173.jpg 768w, https:\/\/kazdedzieckomatalent.pl\/wp-content\/uploads\/2025\/05\/O-Nas-w-mediach-artykul-TK-NIEDZIEL-21.04.2024-1006x1536.jpg 1006w, https:\/\/kazdedzieckomatalent.pl\/wp-content\/uploads\/2025\/05\/O-Nas-w-mediach-artykul-TK-NIEDZIEL-21.04.2024-1341x2048.jpg 1341w\" sizes=\"(max-width: 1676px) 100vw, 1676px\" \/><\/a><\/figure><div class=\"elementor-image-box-content\"><h3 class=\"elementor-image-box-title\"><a href=\"#elementor-action%3Aaction%3Dlightbox%26settings%3DeyJ1cmwiOiJodHRwOlwvXC9rYXpkZWR6aWVja29tYXRhbGVudC5wbFwvd3AtY29udGVudFwvdXBsb2Fkc1wvMjAyNVwvMDVcL08tTmFzLXctbWVkaWFjaC1hcnR5a3VsLVRLLU5JRURaSUVMLTIxLjA0LjIwMjQtc2NhbGVkLmpwZyIsInR5cGUiOiJpbWFnZSIsInRpdGxlIjoiTyBOYXMgdyBtZWRpYWNoIC0gYXJ0eWt1XHUwMTQyIFRLIE5JRURaSUVMIDIxLjA0LjIwMjQifQ%3D%3D\">TK NIEDZIELA<\/a><\/h3><p class=\"elementor-image-box-description\">Kliknij i przeczytaj  wi\u0119cej<\/p><\/div><\/div>\t\t\t\t<\/div>\n\t\t\t\t<\/div>\n\t\t\t\t<\/div>\n\t\t<div class=\"elementor-element elementor-element-374a4eb e-grid e-con-full e-con e-parent\" data-id=\"374a4eb\" data-element_type=\"container\">\n\t\t\t\t<div class=\"elementor-element elementor-element-35ec4ae elementor-view-default elementor-position-top elementor-mobile-position-top elementor-widget elementor-widget-icon-box\" data-id=\"35ec4ae\" data-element_type=\"widget\" data-widget_type=\"icon-box.default\">\n\t\t\t\t<div class=\"elementor-widget-container\">\n\t\t\t\t\t\t\t<div class=\"elementor-icon-box-wrapper\">\n\n\t\t\t\t\t\t<div class=\"elementor-icon-box-icon\">\n\t\t\t\t<a href=\"https:\/\/www.malopolska.pl\/aktualnosci\/edukacja\/wystawa-kazde-dziecko-ma-talent\" class=\"elementor-icon\" tabindex=\"-1\" aria-label=\"Urz\u0105d Marsza\u0142kowski Wojew\u00f3dztwa Ma\u0142opolskiego\">\n\t\t\t\t<svg aria-hidden=\"true\" class=\"e-font-icon-svg e-fas-book-open\" viewBox=\"0 0 576 512\" xmlns=\"http:\/\/www.w3.org\/2000\/svg\"><path d=\"M542.22 32.05c-54.8 3.11-163.72 14.43-230.96 55.59-4.64 2.84-7.27 7.89-7.27 13.17v363.87c0 11.55 12.63 18.85 23.28 13.49 69.18-34.82 169.23-44.32 218.7-46.92 16.89-.89 30.02-14.43 30.02-30.66V62.75c.01-17.71-15.35-31.74-33.77-30.7zM264.73 87.64C197.5 46.48 88.58 35.17 33.78 32.05 15.36 31.01 0 45.04 0 62.75V400.6c0 16.24 13.13 29.78 30.02 30.66 49.49 2.6 149.59 12.11 218.77 46.95 10.62 5.35 23.21-1.94 23.21-13.46V100.63c0-5.29-2.62-10.14-7.27-12.99z\"><\/path><\/svg>\t\t\t\t<\/a>\n\t\t\t<\/div>\n\t\t\t\n\t\t\t\t\t\t<div class=\"elementor-icon-box-content\">\n\n\t\t\t\t\t\t\t\t\t<h3 class=\"elementor-icon-box-title\">\n\t\t\t\t\t\t<a href=\"https:\/\/www.malopolska.pl\/aktualnosci\/edukacja\/wystawa-kazde-dziecko-ma-talent\" >\n\t\t\t\t\t\t\tUrz\u0105d Marsza\u0142kowski Wojew\u00f3dztwa Ma\u0142opolskiego\t\t\t\t\t\t<\/a>\n\t\t\t\t\t<\/h3>\n\t\t\t\t\n\t\t\t\t\t\t\t\t\t<p class=\"elementor-icon-box-description\">\n\t\t\t\t\t\tKliknij i przeczytaj  wi\u0119cej\t\t\t\t\t<\/p>\n\t\t\t\t\n\t\t\t<\/div>\n\t\t\t\n\t\t<\/div>\n\t\t\t\t\t\t<\/div>\n\t\t\t\t<\/div>\n\t\t\t\t<div class=\"elementor-element elementor-element-d90e25b elementor-position-top elementor-widget elementor-widget-image-box\" data-id=\"d90e25b\" data-element_type=\"widget\" data-widget_type=\"image-box.default\">\n\t\t\t\t<div class=\"elementor-widget-container\">\n\t\t\t\t\t<div class=\"elementor-image-box-wrapper\"><figure class=\"elementor-image-box-img\"><a href=\"#elementor-action%3Aaction%3Dlightbox%26settings%3DeyJ1cmwiOiJodHRwOlwvXC9rYXpkZWR6aWVja29tYXRhbGVudC5wbFwvd3AtY29udGVudFwvdXBsb2Fkc1wvMjAyNVwvMDVcL08tbmFzLXctbWVkaWFjaC0xLXNjYWxlZC5qcGciLCJ0eXBlIjoiaW1hZ2UiLCJ0aXRsZSI6Ik8gbmFzIHcgbWVkaWFjaCAoMSkifQ%3D%3D\" tabindex=\"-1\"><img decoding=\"async\" width=\"1810\" height=\"2560\" src=\"https:\/\/kazdedzieckomatalent.pl\/wp-content\/uploads\/2025\/05\/O-nas-w-mediach-1-scaled.jpg\" class=\"attachment-full size-full wp-image-634\" alt=\"\" srcset=\"https:\/\/kazdedzieckomatalent.pl\/wp-content\/uploads\/2025\/05\/O-nas-w-mediach-1-scaled.jpg 1810w, https:\/\/kazdedzieckomatalent.pl\/wp-content\/uploads\/2025\/05\/O-nas-w-mediach-1-212x300.jpg 212w, https:\/\/kazdedzieckomatalent.pl\/wp-content\/uploads\/2025\/05\/O-nas-w-mediach-1-724x1024.jpg 724w, https:\/\/kazdedzieckomatalent.pl\/wp-content\/uploads\/2025\/05\/O-nas-w-mediach-1-768x1086.jpg 768w, https:\/\/kazdedzieckomatalent.pl\/wp-content\/uploads\/2025\/05\/O-nas-w-mediach-1-1086x1536.jpg 1086w, https:\/\/kazdedzieckomatalent.pl\/wp-content\/uploads\/2025\/05\/O-nas-w-mediach-1-1448x2048.jpg 1448w\" sizes=\"(max-width: 1810px) 100vw, 1810px\" \/><\/a><\/figure><div class=\"elementor-image-box-content\"><p class=\"elementor-image-box-description\">Kliknij i przeczytaj  wi\u0119cej<\/p><\/div><\/div>\t\t\t\t<\/div>\n\t\t\t\t<\/div>\n\t\t\t\t<\/div>\n\t\t\t\t<\/div>\n\t\t","protected":false},"excerpt":{"rendered":"<p>TVP KULTURA Kliknij i przeczytaj wi\u0119cej Radio PLUS Krak\u00f3w Kliknij i przeczytaj wi\u0119cej Radio Krak\u00f3w Kliknij i przeczytaj wi\u0119cej TK [&hellip;]<\/p>\n","protected":false},"author":1,"featured_media":0,"parent":0,"menu_order":0,"comment_status":"closed","ping_status":"closed","template":"","meta":{"site-sidebar-layout":"no-sidebar","site-content-layout":"","ast-site-content-layout":"full-width-container","site-content-style":"default","site-sidebar-style":"default","ast-global-header-display":"","ast-banner-title-visibility":"","ast-main-header-display":"","ast-hfb-above-header-display":"","ast-hfb-below-header-display":"","ast-hfb-mobile-header-display":"","site-post-title":"disabled","ast-breadcrumbs-content":"","ast-featured-img":"disabled","footer-sml-layout":"","theme-transparent-header-meta":"","adv-header-id-meta":"","stick-header-meta":"","header-above-stick-meta":"","header-main-stick-meta":"","header-below-stick-meta":"","astra-migrate-meta-layouts":"default","ast-page-background-enabled":"default","ast-page-background-meta":{"desktop":{"background-color":"var(--ast-global-color-5)","background-image":"","background-repeat":"repeat","background-position":"center center","background-size":"auto","background-attachment":"scroll","background-type":"","background-media":"","overlay-type":"","overlay-color":"","overlay-opacity":"","overlay-gradient":""},"tablet":{"background-color":"","background-image":"","background-repeat":"repeat","background-position":"center center","background-size":"auto","background-attachment":"scroll","background-type":"","background-media":"","overlay-type":"","overlay-color":"","overlay-opacity":"","overlay-gradient":""},"mobile":{"background-color":"","background-image":"","background-repeat":"repeat","background-position":"center center","background-size":"auto","background-attachment":"scroll","background-type":"","background-media":"","overlay-type":"","overlay-color":"","overlay-opacity":"","overlay-gradient":""}},"ast-content-background-meta":{"desktop":{"background-color":"var(--ast-global-color-4)","background-image":"","background-repeat":"repeat","background-position":"center center","background-size":"auto","background-attachment":"scroll","background-type":"","background-media":"","overlay-type":"","overlay-color":"","overlay-opacity":"","overlay-gradient":""},"tablet":{"background-color":"var(--ast-global-color-4)","background-image":"","background-repeat":"repeat","background-position":"center center","background-size":"auto","background-attachment":"scroll","background-type":"","background-media":"","overlay-type":"","overlay-color":"","overlay-opacity":"","overlay-gradient":""},"mobile":{"background-color":"var(--ast-global-color-4)","background-image":"","background-repeat":"repeat","background-position":"center center","background-size":"auto","background-attachment":"scroll","background-type":"","background-media":"","overlay-type":"","overlay-color":"","overlay-opacity":"","overlay-gradient":""}},"footnotes":""},"class_list":["post-145","page","type-page","status-publish","hentry"],"_links":{"self":[{"href":"https:\/\/kazdedzieckomatalent.pl\/index.php\/wp-json\/wp\/v2\/pages\/145","targetHints":{"allow":["GET"]}}],"collection":[{"href":"https:\/\/kazdedzieckomatalent.pl\/index.php\/wp-json\/wp\/v2\/pages"}],"about":[{"href":"https:\/\/kazdedzieckomatalent.pl\/index.php\/wp-json\/wp\/v2\/types\/page"}],"author":[{"embeddable":true,"href":"https:\/\/kazdedzieckomatalent.pl\/index.php\/wp-json\/wp\/v2\/users\/1"}],"replies":[{"embeddable":true,"href":"https:\/\/kazdedzieckomatalent.pl\/index.php\/wp-json\/wp\/v2\/comments?post=145"}],"version-history":[{"count":112,"href":"https:\/\/kazdedzieckomatalent.pl\/index.php\/wp-json\/wp\/v2\/pages\/145\/revisions"}],"predecessor-version":[{"id":1205,"href":"https:\/\/kazdedzieckomatalent.pl\/index.php\/wp-json\/wp\/v2\/pages\/145\/revisions\/1205"}],"wp:attachment":[{"href":"https:\/\/kazdedzieckomatalent.pl\/index.php\/wp-json\/wp\/v2\/media?parent=145"}],"curies":[{"name":"wp","href":"https:\/\/api.w.org\/{rel}","templated":true}]}}