{"id":154,"date":"2025-04-28T21:11:39","date_gmt":"2025-04-28T19:11:39","guid":{"rendered":"http:\/\/kazdedzieckomatalent.pl\/?page_id=154"},"modified":"2025-05-21T21:08:06","modified_gmt":"2025-05-21T19:08:06","slug":"warsztaty-malarskie","status":"publish","type":"page","link":"https:\/\/kazdedzieckomatalent.pl\/index.php\/warsztaty-malarskie\/","title":{"rendered":"WARSZTATY MALARSKIE"},"content":{"rendered":"\t\t<div data-elementor-type=\"wp-page\" data-elementor-id=\"154\" class=\"elementor elementor-154\" data-elementor-post-type=\"page\">\n\t\t\t\t<div class=\"elementor-element elementor-element-7881b2b8 e-con-full e-flex e-con e-parent\" data-id=\"7881b2b8\" data-element_type=\"container\">\n\t\t<div class=\"elementor-element elementor-element-3e1a466c e-con-full e-flex e-con e-child\" data-id=\"3e1a466c\" data-element_type=\"container\">\n\t\t\t\t<div class=\"elementor-element elementor-element-76a8b74 elementor-widget elementor-widget-text-editor\" data-id=\"76a8b74\" data-element_type=\"widget\" data-widget_type=\"text-editor.default\">\n\t\t\t\t<div class=\"elementor-widget-container\">\n\t\t\t\t\t\t\t\t\t<p>Dzia\u0142alno\u015b\u0107 edukacyjna podj\u0119ta w ramach warsztat\u00f3w malarskich pt.<\/p>\t\t\t\t\t\t\t\t<\/div>\n\t\t\t\t<\/div>\n\t\t\t\t<div class=\"elementor-element elementor-element-78686d25 elementor-widget elementor-widget-heading\" data-id=\"78686d25\" data-element_type=\"widget\" data-widget_type=\"heading.default\">\n\t\t\t\t<div class=\"elementor-widget-container\">\n\t\t\t\t\t<h1 class=\"elementor-heading-title elementor-size-default\"> \"Ma\u0142opolskie dziedzictwo kulturowe i naturalne <br>w obrazach\"<\/h1>\t\t\t\t<\/div>\n\t\t\t\t<\/div>\n\t\t\t\t<div class=\"elementor-element elementor-element-5f89971f elementor-widget elementor-widget-text-editor\" data-id=\"5f89971f\" data-element_type=\"widget\" data-widget_type=\"text-editor.default\">\n\t\t\t\t<div class=\"elementor-widget-container\">\n\t\t\t\t\t\t\t\t\t<p>umo\u017cliwia dzieciom rozwijanie podstawowych wiadomo\u015bci i umiej\u0119tno\u015bci niezb\u0119dnych do funkcjonowania w \u015bwicie warto\u015bci kultury.<\/p><p>Ukazywanie sztuki malarskiej ma na celu kszta\u0142towanie i wzbogacanie osobowo\u015bci uczestnika, w sferze intelektualnej, emocjonalnej oraz spo\u0142eczno-kulturalnej.<\/p><p>Tworzenie w\u0142asnej perspektywy malarskiej, rozwija w dzieciach kreatywno\u015b\u0107 od najm\u0142odszych lat, poci\u0105gaj\u0105 za sob\u0105 konsekwencje estetyczne, kszta\u0142c\u0105ce i wychowawcze, aktywizuj\u0105c procesy zmierzaj\u0105ce do poczucia estetyki, doskonalenia percepcji, postrzegania i harmonii.<\/p>\t\t\t\t\t\t\t\t<\/div>\n\t\t\t\t<\/div>\n\t\t\t\t<div class=\"elementor-element elementor-element-7128c46 elementor-widget-divider--view-line elementor-widget elementor-widget-divider\" data-id=\"7128c46\" data-element_type=\"widget\" data-widget_type=\"divider.default\">\n\t\t\t\t<div class=\"elementor-widget-container\">\n\t\t\t\t\t\t\t<div class=\"elementor-divider\">\n\t\t\t<span class=\"elementor-divider-separator\">\n\t\t\t\t\t\t<\/span>\n\t\t<\/div>\n\t\t\t\t\t\t<\/div>\n\t\t\t\t<\/div>\n\t\t\t\t<div class=\"elementor-element elementor-element-3bd58dc elementor-widget elementor-widget-text-editor\" data-id=\"3bd58dc\" data-element_type=\"widget\" data-widget_type=\"text-editor.default\">\n\t\t\t\t<div class=\"elementor-widget-container\">\n\t\t\t\t\t\t\t\t\t<p>Spotkania artystyczne odbywaj\u0105 si\u0119 w atelier Parku Wodnego w Krakowie, a ich uczestnikami mog\u0105 by\u0107 dzieci i m\u0142odzie\u017c, w wieku od 8 do 18 lat.<\/p>\t\t\t\t\t\t\t\t<\/div>\n\t\t\t\t<\/div>\n\t\t\t\t<div class=\"elementor-element elementor-element-2bfd193f elementor-widget elementor-widget-heading\" data-id=\"2bfd193f\" data-element_type=\"widget\" data-widget_type=\"heading.default\">\n\t\t\t\t<div class=\"elementor-widget-container\">\n\t\t\t\t\t<h2 class=\"elementor-heading-title elementor-size-default\">Artysta prowadz\u0105cy zaj\u0119cia dopasowuje poziom trudno\u015bci do indywidualnych <br> mo\u017cliwo\u015bci uczestnik\u00f3w i ich funkcji poznawczych. <\/h2>\t\t\t\t<\/div>\n\t\t\t\t<\/div>\n\t\t\t\t<\/div>\n\t\t<div class=\"elementor-element elementor-element-640747e8 e-con-full e-flex e-con e-child\" data-id=\"640747e8\" data-element_type=\"container\" data-settings=\"{&quot;background_background&quot;:&quot;classic&quot;}\">\n\t\t\t\t<\/div>\n\t\t\t\t<\/div>\n\t\t<div class=\"elementor-element elementor-element-7ecfc2dc e-con-full e-flex e-con e-parent\" data-id=\"7ecfc2dc\" data-element_type=\"container\">\n\t\t\t\t<div class=\"elementor-element elementor-element-74eddd7 elementor-widget__width-initial elementor-widget elementor-widget-text-editor\" data-id=\"74eddd7\" data-element_type=\"widget\" data-widget_type=\"text-editor.default\">\n\t\t\t\t<div class=\"elementor-widget-container\">\n\t\t\t\t\t\t\t\t\t<p>Ze wzgl\u0119du na r\u00f3\u017cnorodno\u015b\u0107 grup, uczestnicy s\u0105 podzieleni na dwie sekcje. Pierwsza sekcja, to dzieci wykazuj\u0105ce wy\u017csze zdolno\u015bci malarskie; czas trwania warsztat\u00f3w dla grupy to 4 godziny. Druga sekcja, to dzieci kt\u00f3re s\u0105 na pocz\u0105tkowym etapie kszta\u0142towania wra\u017cliwo\u015bci estetycznej; czas trwania warsztat\u00f3w dla grupy to 2 godziny.<\/p>\t\t\t\t\t\t\t\t<\/div>\n\t\t\t\t<\/div>\n\t\t\t\t<\/div>\n\t\t<div class=\"elementor-element elementor-element-949abb0 e-con-full e-flex e-con e-parent\" data-id=\"949abb0\" data-element_type=\"container\">\n\t\t<div class=\"elementor-element elementor-element-e84dd37 e-con-full e-flex e-con e-child\" data-id=\"e84dd37\" data-element_type=\"container\">\n\t\t\t\t<div class=\"elementor-element elementor-element-12955ea elementor-widget elementor-widget-text-editor\" data-id=\"12955ea\" data-element_type=\"widget\" data-widget_type=\"text-editor.default\">\n\t\t\t\t<div class=\"elementor-widget-container\">\n\t\t\t\t\t\t\t\t\t<p>Tytu\u0142em wst\u0119pu prowadz\u0105cy warsztaty, w formie pogadanki o sztuce, przybli\u017ca dzieciom przedmiotow\u0105 wiedz\u0119 teoretyczn\u0105 i praktyczn\u0105 &#8211; poznaj\u0105 techniki malarstwa, naucz\u0105 si\u0119 miesza\u0107 farby oraz u\u017cywa\u0107 narz\u0119dzi malarskich.<\/p><p>Po wst\u0119pnym zapoznaniu si\u0119, ka\u017cdy uczestnik zasiada przed sztalug\u0105 z p\u0142\u00f3tnami i podejmuje pr\u00f3b\u0119 stworzenia w\u0142asnego, niepowtarzalnego dzie\u0142a, inspiruj\u0105c si\u0119 wcze\u015bniej namalowanym obrazem Artysty.<\/p><p>Prowadz\u0105cy, na podstawie malowania synchronicznego maluje krok po kroku wcze\u015bniej powsta\u0142y obraz, ukazuj\u0105c ka\u017cdy etap jego powstawania. Technika malowania akrylowa.<\/p>\t\t\t\t\t\t\t\t<\/div>\n\t\t\t\t<\/div>\n\t\t\t\t<div class=\"elementor-element elementor-element-5827d9a elementor-widget elementor-widget-text-editor\" data-id=\"5827d9a\" data-element_type=\"widget\" data-widget_type=\"text-editor.default\">\n\t\t\t\t<div class=\"elementor-widget-container\">\n\t\t\t\t\t\t\t\t\t<p>*Je\u015bli jest planowana zbiorcza wystawa, w\u00f3wczas obrazy s\u0105 eksponowane w przestrzeni publicznej, a po finisa\u017cu organizator odsy\u0142a prace do podmiotu zg\u0142aszaj\u0105cego grup\u0119.<\/p>\t\t\t\t\t\t\t\t<\/div>\n\t\t\t\t<\/div>\n\t\t\t\t<\/div>\n\t\t<div class=\"elementor-element elementor-element-604b03d e-con-full e-flex e-con e-child\" data-id=\"604b03d\" data-element_type=\"container\" data-settings=\"{&quot;background_background&quot;:&quot;classic&quot;}\">\n\t\t\t\t<\/div>\n\t\t\t\t<\/div>\n\t\t<div class=\"elementor-element elementor-element-77308aa e-flex e-con-boxed e-con e-parent\" data-id=\"77308aa\" data-element_type=\"container\">\n\t\t\t\t\t<div class=\"e-con-inner\">\n\t\t<div class=\"elementor-element elementor-element-d17617e e-con-full e-flex e-con e-child\" data-id=\"d17617e\" data-element_type=\"container\">\n\t\t\t\t<div class=\"elementor-element elementor-element-436dec7 elementor-widget-tablet__width-initial elementor-widget-mobile__width-inherit elementor-widget__width-initial elementor-position-top elementor-widget elementor-widget-image-box\" data-id=\"436dec7\" data-element_type=\"widget\" data-widget_type=\"image-box.default\">\n\t\t\t\t<div class=\"elementor-widget-container\">\n\t\t\t\t\t<div class=\"elementor-image-box-wrapper\"><figure class=\"elementor-image-box-img\"><a href=\"https:\/\/library.elementor.com\/local-services-wireframe-1-flexbox\/services\/#service_1\" tabindex=\"-1\"><img fetchpriority=\"high\" decoding=\"async\" width=\"717\" height=\"713\" src=\"https:\/\/kazdedzieckomatalent.pl\/wp-content\/uploads\/2025\/05\/01.png\" class=\"elementor-animation-grow attachment-full size-full wp-image-1594\" alt=\"\" srcset=\"https:\/\/kazdedzieckomatalent.pl\/wp-content\/uploads\/2025\/05\/01.png 717w, https:\/\/kazdedzieckomatalent.pl\/wp-content\/uploads\/2025\/05\/01-300x298.png 300w, https:\/\/kazdedzieckomatalent.pl\/wp-content\/uploads\/2025\/05\/01-150x150.png 150w\" sizes=\"(max-width: 717px) 100vw, 717px\" \/><\/a><\/figure><div class=\"elementor-image-box-content\"><p class=\"elementor-image-box-description\">Tematycznie warsztaty nawi\u0105zuj\u0105 do dziedzictwa kulturowego lub przyrodniczego Ma\u0142opolski. <br> Zaj\u0119cia odbywaj\u0105 si\u0119 w grupach ok. 15-17 osobowych.<\/p><\/div><\/div>\t\t\t\t<\/div>\n\t\t\t\t<\/div>\n\t\t\t\t<div class=\"elementor-element elementor-element-8eb0c63 elementor-widget-tablet__width-initial elementor-widget-mobile__width-inherit elementor-widget__width-initial elementor-position-top elementor-widget elementor-widget-image-box\" data-id=\"8eb0c63\" data-element_type=\"widget\" data-widget_type=\"image-box.default\">\n\t\t\t\t<div class=\"elementor-widget-container\">\n\t\t\t\t\t<div class=\"elementor-image-box-wrapper\"><figure class=\"elementor-image-box-img\"><a href=\"https:\/\/library.elementor.com\/local-services-wireframe-1-flexbox\/services\/#service_2\" tabindex=\"-1\"><img decoding=\"async\" width=\"1061\" height=\"1096\" src=\"https:\/\/kazdedzieckomatalent.pl\/wp-content\/uploads\/2025\/05\/02.png\" class=\"elementor-animation-grow attachment-full size-full wp-image-1595\" alt=\"\" srcset=\"https:\/\/kazdedzieckomatalent.pl\/wp-content\/uploads\/2025\/05\/02.png 1061w, https:\/\/kazdedzieckomatalent.pl\/wp-content\/uploads\/2025\/05\/02-290x300.png 290w, https:\/\/kazdedzieckomatalent.pl\/wp-content\/uploads\/2025\/05\/02-991x1024.png 991w, https:\/\/kazdedzieckomatalent.pl\/wp-content\/uploads\/2025\/05\/02-768x793.png 768w\" sizes=\"(max-width: 1061px) 100vw, 1061px\" \/><\/a><\/figure><div class=\"elementor-image-box-content\"><p class=\"elementor-image-box-description\">Organizator zapewnia niezb\u0119dne materia\u0142y do przygotowania warsztat\u00f3w i wykonania obrazu.<\/p><\/div><\/div>\t\t\t\t<\/div>\n\t\t\t\t<\/div>\n\t\t\t\t<div class=\"elementor-element elementor-element-62858d5 elementor-widget-tablet__width-initial elementor-widget-mobile__width-inherit elementor-widget__width-initial elementor-position-top elementor-widget elementor-widget-image-box\" data-id=\"62858d5\" data-element_type=\"widget\" data-widget_type=\"image-box.default\">\n\t\t\t\t<div class=\"elementor-widget-container\">\n\t\t\t\t\t<div class=\"elementor-image-box-wrapper\"><figure class=\"elementor-image-box-img\"><a href=\"https:\/\/library.elementor.com\/local-services-wireframe-1-flexbox\/services\/#service_3\" tabindex=\"-1\"><img decoding=\"async\" width=\"1436\" height=\"1374\" src=\"https:\/\/kazdedzieckomatalent.pl\/wp-content\/uploads\/2025\/05\/03.png\" class=\"elementor-animation-grow attachment-full size-full wp-image-1596\" alt=\"\" srcset=\"https:\/\/kazdedzieckomatalent.pl\/wp-content\/uploads\/2025\/05\/03.png 1436w, https:\/\/kazdedzieckomatalent.pl\/wp-content\/uploads\/2025\/05\/03-300x287.png 300w, https:\/\/kazdedzieckomatalent.pl\/wp-content\/uploads\/2025\/05\/03-1024x980.png 1024w, https:\/\/kazdedzieckomatalent.pl\/wp-content\/uploads\/2025\/05\/03-768x735.png 768w\" sizes=\"(max-width: 1436px) 100vw, 1436px\" \/><\/a><\/figure><div class=\"elementor-image-box-content\"><p class=\"elementor-image-box-description\">Po zako\u0144czonych warsztatach obrazy stanowi\u0105 w\u0142asno\u015b\u0107 uczestnik\u00f3w.<\/p><\/div><\/div>\t\t\t\t<\/div>\n\t\t\t\t<\/div>\n\t\t\t\t<\/div>\n\t\t\t\t\t<\/div>\n\t\t\t\t<\/div>\n\t\t\t\t<\/div>\n\t\t","protected":false},"excerpt":{"rendered":"<p>Dzia\u0142alno\u015b\u0107 edukacyjna podj\u0119ta w ramach warsztat\u00f3w malarskich pt. &#8222;Ma\u0142opolskie dziedzictwo kulturowe i naturalne w obrazach&#8221; umo\u017cliwia dzieciom rozwijanie podstawowych wiadomo\u015bci [&hellip;]<\/p>\n","protected":false},"author":1,"featured_media":0,"parent":0,"menu_order":0,"comment_status":"closed","ping_status":"closed","template":"elementor_header_footer","meta":{"site-sidebar-layout":"no-sidebar","site-content-layout":"","ast-site-content-layout":"full-width-container","site-content-style":"default","site-sidebar-style":"default","ast-global-header-display":"","ast-banner-title-visibility":"","ast-main-header-display":"","ast-hfb-above-header-display":"","ast-hfb-below-header-display":"","ast-hfb-mobile-header-display":"","site-post-title":"disabled","ast-breadcrumbs-content":"","ast-featured-img":"disabled","footer-sml-layout":"","theme-transparent-header-meta":"","adv-header-id-meta":"","stick-header-meta":"","header-above-stick-meta":"","header-main-stick-meta":"","header-below-stick-meta":"","astra-migrate-meta-layouts":"default","ast-page-background-enabled":"default","ast-page-background-meta":{"desktop":{"background-color":"var(--ast-global-color-5)","background-image":"","background-repeat":"repeat","background-position":"center center","background-size":"auto","background-attachment":"scroll","background-type":"","background-media":"","overlay-type":"","overlay-color":"","overlay-opacity":"","overlay-gradient":""},"tablet":{"background-color":"","background-image":"","background-repeat":"repeat","background-position":"center center","background-size":"auto","background-attachment":"scroll","background-type":"","background-media":"","overlay-type":"","overlay-color":"","overlay-opacity":"","overlay-gradient":""},"mobile":{"background-color":"","background-image":"","background-repeat":"repeat","background-position":"center center","background-size":"auto","background-attachment":"scroll","background-type":"","background-media":"","overlay-type":"","overlay-color":"","overlay-opacity":"","overlay-gradient":""}},"ast-content-background-meta":{"desktop":{"background-color":"var(--ast-global-color-4)","background-image":"","background-repeat":"repeat","background-position":"center center","background-size":"auto","background-attachment":"scroll","background-type":"","background-media":"","overlay-type":"","overlay-color":"","overlay-opacity":"","overlay-gradient":""},"tablet":{"background-color":"var(--ast-global-color-4)","background-image":"","background-repeat":"repeat","background-position":"center center","background-size":"auto","background-attachment":"scroll","background-type":"","background-media":"","overlay-type":"","overlay-color":"","overlay-opacity":"","overlay-gradient":""},"mobile":{"background-color":"var(--ast-global-color-4)","background-image":"","background-repeat":"repeat","background-position":"center center","background-size":"auto","background-attachment":"scroll","background-type":"","background-media":"","overlay-type":"","overlay-color":"","overlay-opacity":"","overlay-gradient":""}},"footnotes":""},"class_list":["post-154","page","type-page","status-publish","hentry"],"_links":{"self":[{"href":"https:\/\/kazdedzieckomatalent.pl\/index.php\/wp-json\/wp\/v2\/pages\/154","targetHints":{"allow":["GET"]}}],"collection":[{"href":"https:\/\/kazdedzieckomatalent.pl\/index.php\/wp-json\/wp\/v2\/pages"}],"about":[{"href":"https:\/\/kazdedzieckomatalent.pl\/index.php\/wp-json\/wp\/v2\/types\/page"}],"author":[{"embeddable":true,"href":"https:\/\/kazdedzieckomatalent.pl\/index.php\/wp-json\/wp\/v2\/users\/1"}],"replies":[{"embeddable":true,"href":"https:\/\/kazdedzieckomatalent.pl\/index.php\/wp-json\/wp\/v2\/comments?post=154"}],"version-history":[{"count":130,"href":"https:\/\/kazdedzieckomatalent.pl\/index.php\/wp-json\/wp\/v2\/pages\/154\/revisions"}],"predecessor-version":[{"id":1783,"href":"https:\/\/kazdedzieckomatalent.pl\/index.php\/wp-json\/wp\/v2\/pages\/154\/revisions\/1783"}],"wp:attachment":[{"href":"https:\/\/kazdedzieckomatalent.pl\/index.php\/wp-json\/wp\/v2\/media?parent=154"}],"curies":[{"name":"wp","href":"https:\/\/api.w.org\/{rel}","templated":true}]}}