{"id":162,"date":"2025-04-28T21:14:42","date_gmt":"2025-04-28T19:14:42","guid":{"rendered":"http:\/\/kazdedzieckomatalent.pl\/?page_id=162"},"modified":"2025-05-20T02:20:43","modified_gmt":"2025-05-20T00:20:43","slug":"rodo","status":"publish","type":"page","link":"https:\/\/kazdedzieckomatalent.pl\/index.php\/rodo\/","title":{"rendered":"RODO"},"content":{"rendered":"\t\t<div data-elementor-type=\"wp-page\" data-elementor-id=\"162\" class=\"elementor elementor-162\" data-elementor-post-type=\"page\">\n\t\t\t\t<div class=\"elementor-element elementor-element-d8bb397 e-con-full e-flex e-con e-parent\" data-id=\"d8bb397\" data-element_type=\"container\">\n\t\t\t\t<div class=\"elementor-element elementor-element-4acb090 elementor-widget elementor-widget-spacer\" data-id=\"4acb090\" data-element_type=\"widget\" data-widget_type=\"spacer.default\">\n\t\t\t\t<div class=\"elementor-widget-container\">\n\t\t\t\t\t\t\t<div class=\"elementor-spacer\">\n\t\t\t<div class=\"elementor-spacer-inner\"><\/div>\n\t\t<\/div>\n\t\t\t\t\t\t<\/div>\n\t\t\t\t<\/div>\n\t\t\t\t<div class=\"elementor-element elementor-element-c624fd5 elementor-widget elementor-widget-text-editor\" data-id=\"c624fd5\" data-element_type=\"widget\" data-widget_type=\"text-editor.default\">\n\t\t\t\t<div class=\"elementor-widget-container\">\n\t\t\t\t\t\t\t\t\t<h5 class=\"western\" align=\"center\"><strong><b>Og\u00f3lna informacja o przetwarzaniu danych osobowych przez<br \/>Stowarzyszenie Inicjatyw Spo\u0142ecznych LEGE ARTIS<\/b><\/strong><\/h5><p align=\"justify\"><span style=\"font-size: small;\">Dzia\u0142aj\u0105c na podstawie art. 13 ust. 1 i 2 rozporz\u0105dzenia Parlamentu Europejskiego i Rady w sprawie ochrony os\u00f3b fizycznych w zwi\u0105zku z przetwarzaniem danych osobowych i w sprawie swobodnego przep\u0142ywu takich danych oraz uchylenia dyrektywy (og\u00f3lne rozporz\u0105dzenie o ochronie danych), informujemy, \u017ce:<\/span><\/p><p align=\"justify\"><strong><span style=\"font-size: small;\">Administratorem<\/span><\/strong><span style=\"font-size: small;\"> danych osobowych, kt\u00f3rych zakres mo\u017ce zawiera\u0107 (m. in. imi\u0119, nazwisko, adres, e-mail, nr telefonu) jest Stowarzyszenie Inicjatyw Spo\u0142ecznych LEGE ARTIS, os. Bohater\u00f3w Wrze\u015bnia 1E\/6, 31-620 Krak\u00f3w, KRS 0000607048 i s\u0105 one podawane na potrzeby zwi\u0105zane z prowadzon\u0105 dzia\u0142alno\u015bci\u0105 statutow\u0105 Stowarzyszenia.<\/span><\/p><p align=\"justify\"><span style=\"font-size: small;\">Dane osobowe b\u0119d\u0105 przechowywane przez okres niezb\u0119dny do zrealizowania celu w jakim zosta\u0142y zebrane, w tym od momentu przekazania danych osobowych, a tak\u017ce przez okres niezb\u0119dny do dochodzenia, obrony i ochrony roszcze\u0144 zwi\u0105zanych z dzia\u0142alno\u015bci\u0105 Stowarzyszenia.<\/span><\/p><p align=\"justify\"><span style=\"font-size: small;\">Podanie danych osobowych ma charakter dobrowolny. Konsekwencj\u0105 niepodania danych jest brak uczestnictwa w dzia\u0142aniach prowadzonych przez SIS LEGE ARTIS.<\/span><\/p><p align=\"justify\"><span style=\"font-size: small;\">Masz prawo:<\/span><\/p><p align=\"justify\">\u2013 <span style=\"font-size: small;\">w dowolnym momencie wycofa\u0107 niniejsz\u0105 zgod\u0119, przy czym jej wycofanie nie wp\u0142ywa na zgodno\u015b\u0107 z prawem przetwarzania, kt\u00f3rego dokonano na podstawie tej\u017ce zgody przed jej wycofaniem,<\/span><\/p><p align=\"justify\">\u2013 <span style=\"font-size: small;\">do \u017c\u0105dania od administratora dost\u0119pu do Twoich danych osobowych, ich sprostowania, usuni\u0119cia lub ograniczenia przetwarzania, a tak\u017ce prawo do przenoszenia danych,<\/span><\/p><p align=\"justify\">\u2013 <span style=\"font-size: small;\">do wniesienia skargi do organu nadzorczego, kt\u00f3rym jest Prezes Urz\u0119du Ochrony Danych Osobowych.<\/span><\/p><p align=\"justify\"><span style=\"font-size: small;\">Administrator nie przewiduje profilowania na podstawie Twoich danych osobowych.<\/span><\/p><p align=\"justify\"><span style=\"font-size: small;\">Podstaw\u0119 prawn\u0105 przetwarzania Twoich danych stanowi art. 6 ust. 1 lit. a) \/ art. 9 ust. 2 lit. a) rozporz\u0105dzenia Parlamentu Europejskiego i Rady (UE) 2016\/679 z dnia 27 kwietnia 2016 r. w sprawie ochrony os\u00f3b fizycznych w zwi\u0105zku z przetwarzaniem danych osobowych i w sprawie swobodnego przep\u0142ywu takich danych oraz uchylenia dyrektywy 95\/46\/WE (og\u00f3lne rozporz\u0105dzenie o ochronie danych) (Dz. Urz. UE L 119 z 04.05.2016, str. 1), tzn. dane b\u0119d\u0105 przetwarzane na podstawie Twojej zgody.<\/span><\/p><p align=\"justify\"><span style=\"font-size: small;\">Ponadto przetwarzamy Twoje dane na podstawie Artyku\u0142u 6 ust 1 lit. b , c , e \u201d.<\/span><\/p><p align=\"justify\"><span style=\"font-size: small;\">W sprawie danych osobowych nale\u017cy kontaktowa\u0107 si\u0119 z Administratorem mailowo na adres\u00a0<a href=\"mailto:biuro@sislegeartis.pl\" target=\"_top\">biuro@sislegeartis.pl<\/a>\u00a0lub listownie na adres Stowarzyszenia.<\/span><\/p>\t\t\t\t\t\t\t\t<\/div>\n\t\t\t\t<\/div>\n\t\t\t\t<div class=\"elementor-element elementor-element-c0b7006 elementor-widget elementor-widget-theme-site-logo elementor-widget-image\" data-id=\"c0b7006\" data-element_type=\"widget\" data-widget_type=\"theme-site-logo.default\">\n\t\t\t\t<div class=\"elementor-widget-container\">\n\t\t\t\t\t\t\t\t\t\t\t<a href=\"https:\/\/kazdedzieckomatalent.pl\">\n\t\t\t<img fetchpriority=\"high\" decoding=\"async\" width=\"1694\" height=\"1175\" src=\"https:\/\/kazdedzieckomatalent.pl\/wp-content\/uploads\/2025\/04\/logo-Kazde-dziecko-ma-talent-1-407x282.png\" class=\"attachment-full size-full wp-image-205\" alt=\"\" srcset=\"https:\/\/kazdedzieckomatalent.pl\/wp-content\/uploads\/2025\/04\/logo-Kazde-dziecko-ma-talent-1.png 1694w, https:\/\/kazdedzieckomatalent.pl\/wp-content\/uploads\/2025\/04\/logo-Kazde-dziecko-ma-talent-1-300x208.png 300w, https:\/\/kazdedzieckomatalent.pl\/wp-content\/uploads\/2025\/04\/logo-Kazde-dziecko-ma-talent-1-1024x710.png 1024w, https:\/\/kazdedzieckomatalent.pl\/wp-content\/uploads\/2025\/04\/logo-Kazde-dziecko-ma-talent-1-768x533.png 768w, https:\/\/kazdedzieckomatalent.pl\/wp-content\/uploads\/2025\/04\/logo-Kazde-dziecko-ma-talent-1-1536x1065.png 1536w, https:\/\/kazdedzieckomatalent.pl\/wp-content\/uploads\/2025\/04\/logo-Kazde-dziecko-ma-talent-1-407x282.png 407w\" sizes=\"(max-width: 1694px) 100vw, 1694px\" \/>\t\t\t\t<\/a>\n\t\t\t\t\t\t\t\t\t\t\t<\/div>\n\t\t\t\t<\/div>\n\t\t\t\t<\/div>\n\t\t\t\t<\/div>\n\t\t","protected":false},"excerpt":{"rendered":"<p>Og\u00f3lna informacja o przetwarzaniu danych osobowych przezStowarzyszenie Inicjatyw Spo\u0142ecznych LEGE ARTIS Dzia\u0142aj\u0105c na podstawie art. 13 ust. 1 i 2 [&hellip;]<\/p>\n","protected":false},"author":1,"featured_media":0,"parent":0,"menu_order":0,"comment_status":"closed","ping_status":"closed","template":"","meta":{"site-sidebar-layout":"no-sidebar","site-content-layout":"","ast-site-content-layout":"full-width-container","site-content-style":"default","site-sidebar-style":"default","ast-global-header-display":"","ast-banner-title-visibility":"","ast-main-header-display":"","ast-hfb-above-header-display":"","ast-hfb-below-header-display":"","ast-hfb-mobile-header-display":"","site-post-title":"disabled","ast-breadcrumbs-content":"","ast-featured-img":"disabled","footer-sml-layout":"","theme-transparent-header-meta":"","adv-header-id-meta":"","stick-header-meta":"","header-above-stick-meta":"","header-main-stick-meta":"","header-below-stick-meta":"","astra-migrate-meta-layouts":"default","ast-page-background-enabled":"default","ast-page-background-meta":{"desktop":{"background-color":"var(--ast-global-color-5)","background-image":"","background-repeat":"repeat","background-position":"center center","background-size":"auto","background-attachment":"scroll","background-type":"","background-media":"","overlay-type":"","overlay-color":"","overlay-opacity":"","overlay-gradient":""},"tablet":{"background-color":"","background-image":"","background-repeat":"repeat","background-position":"center center","background-size":"auto","background-attachment":"scroll","background-type":"","background-media":"","overlay-type":"","overlay-color":"","overlay-opacity":"","overlay-gradient":""},"mobile":{"background-color":"","background-image":"","background-repeat":"repeat","background-position":"center center","background-size":"auto","background-attachment":"scroll","background-type":"","background-media":"","overlay-type":"","overlay-color":"","overlay-opacity":"","overlay-gradient":""}},"ast-content-background-meta":{"desktop":{"background-color":"var(--ast-global-color-4)","background-image":"","background-repeat":"repeat","background-position":"center center","background-size":"auto","background-attachment":"scroll","background-type":"","background-media":"","overlay-type":"","overlay-color":"","overlay-opacity":"","overlay-gradient":""},"tablet":{"background-color":"var(--ast-global-color-4)","background-image":"","background-repeat":"repeat","background-position":"center center","background-size":"auto","background-attachment":"scroll","background-type":"","background-media":"","overlay-type":"","overlay-color":"","overlay-opacity":"","overlay-gradient":""},"mobile":{"background-color":"var(--ast-global-color-4)","background-image":"","background-repeat":"repeat","background-position":"center center","background-size":"auto","background-attachment":"scroll","background-type":"","background-media":"","overlay-type":"","overlay-color":"","overlay-opacity":"","overlay-gradient":""}},"footnotes":""},"class_list":["post-162","page","type-page","status-publish","hentry"],"_links":{"self":[{"href":"https:\/\/kazdedzieckomatalent.pl\/index.php\/wp-json\/wp\/v2\/pages\/162","targetHints":{"allow":["GET"]}}],"collection":[{"href":"https:\/\/kazdedzieckomatalent.pl\/index.php\/wp-json\/wp\/v2\/pages"}],"about":[{"href":"https:\/\/kazdedzieckomatalent.pl\/index.php\/wp-json\/wp\/v2\/types\/page"}],"author":[{"embeddable":true,"href":"https:\/\/kazdedzieckomatalent.pl\/index.php\/wp-json\/wp\/v2\/users\/1"}],"replies":[{"embeddable":true,"href":"https:\/\/kazdedzieckomatalent.pl\/index.php\/wp-json\/wp\/v2\/comments?post=162"}],"version-history":[{"count":19,"href":"https:\/\/kazdedzieckomatalent.pl\/index.php\/wp-json\/wp\/v2\/pages\/162\/revisions"}],"predecessor-version":[{"id":1253,"href":"https:\/\/kazdedzieckomatalent.pl\/index.php\/wp-json\/wp\/v2\/pages\/162\/revisions\/1253"}],"wp:attachment":[{"href":"https:\/\/kazdedzieckomatalent.pl\/index.php\/wp-json\/wp\/v2\/media?parent=162"}],"curies":[{"name":"wp","href":"https:\/\/api.w.org\/{rel}","templated":true}]}}