{"id":260,"date":"2025-05-14T22:50:00","date_gmt":"2025-05-14T20:50:00","guid":{"rendered":"https:\/\/kazdedzieckomatalent.pl\/?page_id=260"},"modified":"2026-03-09T12:51:14","modified_gmt":"2026-03-09T11:51:14","slug":"aktualnosci","status":"publish","type":"page","link":"https:\/\/kazdedzieckomatalent.pl\/index.php\/aktualnosci\/","title":{"rendered":"AKTUALNO\u015aCI"},"content":{"rendered":"\t\t<div data-elementor-type=\"wp-page\" data-elementor-id=\"260\" class=\"elementor elementor-260\" data-elementor-post-type=\"page\">\n\t\t\t\t<div class=\"elementor-element elementor-element-80b26a9 e-grid e-con-boxed e-con e-parent\" data-id=\"80b26a9\" data-element_type=\"container\">\n\t\t\t\t\t<div class=\"e-con-inner\">\n\t\t\t\t\t<\/div>\n\t\t\t\t<\/div>\n\t\t<div class=\"elementor-element elementor-element-a4ef2f0 e-con-full e-flex e-con e-parent\" data-id=\"a4ef2f0\" data-element_type=\"container\">\n\t\t<div class=\"elementor-element elementor-element-cb7f1a4 e-con-full e-flex e-con e-child\" data-id=\"cb7f1a4\" data-element_type=\"container\">\n\t\t\t\t<div class=\"elementor-element elementor-element-42898a4 elementor-widget elementor-widget-heading\" data-id=\"42898a4\" data-element_type=\"widget\" data-widget_type=\"heading.default\">\n\t\t\t\t<div class=\"elementor-widget-container\">\n\t\t\t\t\t<h2 class=\"elementor-heading-title elementor-size-default\">Informujemy, \u017ce od kwietnia 2026 r. planowany jest nab\u00f3r do udzia\u0142u w \u00f3smej edycji zadania publicznego  pn. \u201eKa\u017cde dziecko ma talent. Rozw\u00f3j kompetencji kulturowych\u201d 2026<\/h2>\t\t\t\t<\/div>\n\t\t\t\t<\/div>\n\t\t\t\t<div class=\"elementor-element elementor-element-c46e703 elementor-widget elementor-widget-text-editor\" data-id=\"c46e703\" data-element_type=\"widget\" data-widget_type=\"text-editor.default\">\n\t\t\t\t<div class=\"elementor-widget-container\">\n\t\t\t\t\t\t\t\t\t<p>Plac\u00f3wki o\u015bwiatowe zainteresowane udzia\u0142em w projekcie kulturalnym, prosimy o przes\u0142anie formularza zg\u0142oszeniowego dopiero po otwarciu naboru.\u00a0<\/p>\t\t\t\t\t\t\t\t<\/div>\n\t\t\t\t<\/div>\n\t\t\t\t<\/div>\n\t\t\t\t<div class=\"elementor-element elementor-element-fd28123 elementor-widget elementor-widget-image\" data-id=\"fd28123\" data-element_type=\"widget\" data-widget_type=\"image.default\">\n\t\t\t\t<div class=\"elementor-widget-container\">\n\t\t\t\t\t\t\t\t\t\t\t\t\t\t\t<img fetchpriority=\"high\" decoding=\"async\" width=\"1942\" height=\"1278\" src=\"https:\/\/kazdedzieckomatalent.pl\/wp-content\/uploads\/2026\/02\/sala.jpg\" class=\"attachment-full size-full wp-image-2020\" alt=\"\" srcset=\"https:\/\/kazdedzieckomatalent.pl\/wp-content\/uploads\/2026\/02\/sala.jpg 1942w, https:\/\/kazdedzieckomatalent.pl\/wp-content\/uploads\/2026\/02\/sala-300x197.jpg 300w, https:\/\/kazdedzieckomatalent.pl\/wp-content\/uploads\/2026\/02\/sala-1024x674.jpg 1024w, https:\/\/kazdedzieckomatalent.pl\/wp-content\/uploads\/2026\/02\/sala-768x505.jpg 768w, https:\/\/kazdedzieckomatalent.pl\/wp-content\/uploads\/2026\/02\/sala-1536x1011.jpg 1536w\" sizes=\"(max-width: 1942px) 100vw, 1942px\" \/>\t\t\t\t\t\t\t\t\t\t\t\t\t\t\t<\/div>\n\t\t\t\t<\/div>\n\t\t\t\t<\/div>\n\t\t<div class=\"elementor-element elementor-element-c4b0741 e-con-full e-flex e-con e-parent\" data-id=\"c4b0741\" data-element_type=\"container\">\n\t\t<div class=\"elementor-element elementor-element-95589e2 e-con-full e-flex e-con e-child\" data-id=\"95589e2\" data-element_type=\"container\">\n\t\t\t\t<div class=\"elementor-element elementor-element-9db61f7 elementor-widget elementor-widget-spacer\" data-id=\"9db61f7\" data-element_type=\"widget\" data-widget_type=\"spacer.default\">\n\t\t\t\t<div class=\"elementor-widget-container\">\n\t\t\t\t\t\t\t<div class=\"elementor-spacer\">\n\t\t\t<div class=\"elementor-spacer-inner\"><\/div>\n\t\t<\/div>\n\t\t\t\t\t\t<\/div>\n\t\t\t\t<\/div>\n\t\t\t\t<div class=\"elementor-element elementor-element-ab5cf42 elementor-widget elementor-widget-heading\" data-id=\"ab5cf42\" data-element_type=\"widget\" data-widget_type=\"heading.default\">\n\t\t\t\t<div class=\"elementor-widget-container\">\n\t\t\t\t\t<h2 class=\"elementor-heading-title elementor-size-default\">Zako\u0144czyli\u015bmy realizacj\u0119 si\u00f3dmej edycji projektu \u201eKa\u017cde dziecko ma talent. Rozw\u00f3j kompetencji kulturowych\u201d 2025<\/h2>\t\t\t\t<\/div>\n\t\t\t\t<\/div>\n\t\t\t\t<div class=\"elementor-element elementor-element-ca0a7a0 elementor-widget elementor-widget-text-editor\" data-id=\"ca0a7a0\" data-element_type=\"widget\" data-widget_type=\"text-editor.default\">\n\t\t\t\t<div class=\"elementor-widget-container\">\n\t\t\t\t\t\t\t\t\t<p>Obrazy na zaj\u0119cia malarskie by\u0142y namalowane przez Artystk\u0119 &#8211; Lilian\u0119 K\u0119sk\u0119.<br \/>Powsta\u0142e prace artystyczne nawi\u0105zywa\u0142y do dziedzictwa kulturowego i naturalnego Ma\u0142opolski &#8211; <br \/>,,Zamek w Czorsztynie\u201d, ,,Dolina Chocho\u0142owska\u201d, ,,Jaskinia Ob\u0142azowa\u201d, ,,B\u00f3r na Czerwonym\u201d, ,,Krakowiacy\u201d.<br \/>Dzie\u0142a m\u0142odych artyst\u00f3w mo\u017cna zobaczy\u0107 w Zak\u0142adce Galeria.<\/p>\t\t\t\t\t\t\t\t<\/div>\n\t\t\t\t<\/div>\n\t\t\t\t<\/div>\n\t\t\t\t<div class=\"elementor-element elementor-element-211f243 elementor-widget elementor-widget-image\" data-id=\"211f243\" data-element_type=\"widget\" data-widget_type=\"image.default\">\n\t\t\t\t<div class=\"elementor-widget-container\">\n\t\t\t\t\t\t\t\t\t\t\t\t\t\t\t<img decoding=\"async\" width=\"2043\" height=\"1329\" src=\"https:\/\/kazdedzieckomatalent.pl\/wp-content\/uploads\/2026\/02\/Kazde-dziecko-ma-talent-2025-19.jpg\" class=\"attachment-full size-full wp-image-1973\" alt=\"\" srcset=\"https:\/\/kazdedzieckomatalent.pl\/wp-content\/uploads\/2026\/02\/Kazde-dziecko-ma-talent-2025-19.jpg 2043w, https:\/\/kazdedzieckomatalent.pl\/wp-content\/uploads\/2026\/02\/Kazde-dziecko-ma-talent-2025-19-300x195.jpg 300w, https:\/\/kazdedzieckomatalent.pl\/wp-content\/uploads\/2026\/02\/Kazde-dziecko-ma-talent-2025-19-1024x666.jpg 1024w, https:\/\/kazdedzieckomatalent.pl\/wp-content\/uploads\/2026\/02\/Kazde-dziecko-ma-talent-2025-19-768x500.jpg 768w, https:\/\/kazdedzieckomatalent.pl\/wp-content\/uploads\/2026\/02\/Kazde-dziecko-ma-talent-2025-19-1536x999.jpg 1536w\" sizes=\"(max-width: 2043px) 100vw, 2043px\" \/>\t\t\t\t\t\t\t\t\t\t\t\t\t\t\t<\/div>\n\t\t\t\t<\/div>\n\t\t\t\t<\/div>\n\t\t<div class=\"elementor-element elementor-element-aba0b61 e-con-full e-flex e-con e-parent\" data-id=\"aba0b61\" data-element_type=\"container\">\n\t\t<div class=\"elementor-element elementor-element-02b0764 e-con-full e-flex e-con e-child\" data-id=\"02b0764\" data-element_type=\"container\">\n\t\t\t\t<div class=\"elementor-element elementor-element-4a1307d elementor-widget elementor-widget-spacer\" data-id=\"4a1307d\" data-element_type=\"widget\" data-widget_type=\"spacer.default\">\n\t\t\t\t<div class=\"elementor-widget-container\">\n\t\t\t\t\t\t\t<div class=\"elementor-spacer\">\n\t\t\t<div class=\"elementor-spacer-inner\"><\/div>\n\t\t<\/div>\n\t\t\t\t\t\t<\/div>\n\t\t\t\t<\/div>\n\t\t\t\t<div class=\"elementor-element elementor-element-66e4511 elementor-widget elementor-widget-heading\" data-id=\"66e4511\" data-element_type=\"widget\" data-widget_type=\"heading.default\">\n\t\t\t\t<div class=\"elementor-widget-container\">\n\t\t\t\t\t<h2 class=\"elementor-heading-title elementor-size-default\">Rozpoczynamy realizacj\u0119 si\u00f3dmej edycji projektu \u201eKa\u017cde dziecko ma talent. Rozw\u00f3j kompetencji kulturowych\u201d 2025<\/h2>\t\t\t\t<\/div>\n\t\t\t\t<\/div>\n\t\t\t\t<div class=\"elementor-element elementor-element-14654ff elementor-widget elementor-widget-text-editor\" data-id=\"14654ff\" data-element_type=\"widget\" data-widget_type=\"text-editor.default\">\n\t\t\t\t<div class=\"elementor-widget-container\">\n\t\t\t\t\t\t\t\t\t<p>Podj\u0119te dzia\u0142ania pedagogiczne i wychowawcze s\u0105 zwi\u0105zane z rozwojem poznawczym dzieci i m\u0142odzie\u017cy z Ma\u0142opolski.<\/p><p>Patronat Honorowy nad wydarzeniem obj\u0119\u0142a: Marta Malec-Lech &#8211; Cz\u0142onek Zarz\u0105du Wojew\u00f3dztwa Ma\u0142opolskiego Akademia Sztuk Pi\u0119knych im. Jana Matejki w Krakowie<\/p><p>.Patronat medialny: Radio Plus Krak\u00f3w Tygodnik Katolicki Niedziela G\u0142\u00f3wnym celem zadania b\u0119dzie stworzenie ma\u0142opolskim uczniom warunk\u00f3w do odkrywania talent\u00f3w, rozwijania kompetencji kulturowych i aktywno\u015bci tw\u00f3rczej w zakresie sztuki malarskiej, w ramach edukacji pozaszkolnej, poprzez interaktywne warsztaty malarskie z Artyst\u0105.<\/p><p>Miejscem realizacji zadania jest miasto Krak\u00f3w \u2013 Park Wodny Krak\u00f3w Wydarzenie \u0142\u0105czy w sobie elementy kultury, kreatywno\u015bci i aktywnego wypoczynku \u2013 wszystko po to, by ka\u017cde dziecko mog\u0142o rozwija\u0107 swoje talenty i kompetencje w przyjaznej atmosferze.<\/p>\t\t\t\t\t\t\t\t<\/div>\n\t\t\t\t<\/div>\n\t\t\t\t<\/div>\n\t\t\t\t<div class=\"elementor-element elementor-element-ba90ad6 elementor-widget elementor-widget-image\" data-id=\"ba90ad6\" data-element_type=\"widget\" data-widget_type=\"image.default\">\n\t\t\t\t<div class=\"elementor-widget-container\">\n\t\t\t\t\t\t\t\t\t\t\t\t\t\t\t<img decoding=\"async\" width=\"1587\" height=\"2183\" src=\"https:\/\/kazdedzieckomatalent.pl\/wp-content\/uploads\/2026\/02\/plakat-Kazde-dziecko-ma-talent-2025_in.png\" class=\"attachment-full size-full wp-image-2006\" alt=\"\" srcset=\"https:\/\/kazdedzieckomatalent.pl\/wp-content\/uploads\/2026\/02\/plakat-Kazde-dziecko-ma-talent-2025_in.png 1587w, https:\/\/kazdedzieckomatalent.pl\/wp-content\/uploads\/2026\/02\/plakat-Kazde-dziecko-ma-talent-2025_in-218x300.png 218w, https:\/\/kazdedzieckomatalent.pl\/wp-content\/uploads\/2026\/02\/plakat-Kazde-dziecko-ma-talent-2025_in-744x1024.png 744w, https:\/\/kazdedzieckomatalent.pl\/wp-content\/uploads\/2026\/02\/plakat-Kazde-dziecko-ma-talent-2025_in-768x1056.png 768w, https:\/\/kazdedzieckomatalent.pl\/wp-content\/uploads\/2026\/02\/plakat-Kazde-dziecko-ma-talent-2025_in-1117x1536.png 1117w, https:\/\/kazdedzieckomatalent.pl\/wp-content\/uploads\/2026\/02\/plakat-Kazde-dziecko-ma-talent-2025_in-1489x2048.png 1489w\" sizes=\"(max-width: 1587px) 100vw, 1587px\" \/>\t\t\t\t\t\t\t\t\t\t\t\t\t\t\t<\/div>\n\t\t\t\t<\/div>\n\t\t\t\t<\/div>\n\t\t<div class=\"elementor-element elementor-element-dd65ad4 e-con-full e-flex e-con e-parent\" data-id=\"dd65ad4\" data-element_type=\"container\">\n\t\t<div class=\"elementor-element elementor-element-edbc661 e-con-full e-flex e-con e-child\" data-id=\"edbc661\" data-element_type=\"container\">\n\t\t\t\t<div class=\"elementor-element elementor-element-02ba0cd elementor-widget elementor-widget-spacer\" data-id=\"02ba0cd\" data-element_type=\"widget\" data-widget_type=\"spacer.default\">\n\t\t\t\t<div class=\"elementor-widget-container\">\n\t\t\t\t\t\t\t<div class=\"elementor-spacer\">\n\t\t\t<div class=\"elementor-spacer-inner\"><\/div>\n\t\t<\/div>\n\t\t\t\t\t\t<\/div>\n\t\t\t\t<\/div>\n\t\t\t\t<div class=\"elementor-element elementor-element-cbe2d2a elementor-widget elementor-widget-text-editor\" data-id=\"cbe2d2a\" data-element_type=\"widget\" data-widget_type=\"text-editor.default\">\n\t\t\t\t<div class=\"elementor-widget-container\">\n\t\t\t\t\t\t\t\t\t<p>Projekt zrealizowano przy wsparciu finansowym Wojew\u00f3dztwa Ma\u0142opolskiego<\/p>\t\t\t\t\t\t\t\t<\/div>\n\t\t\t\t<\/div>\n\t\t\t\t<\/div>\n\t\t<div class=\"elementor-element elementor-element-1eb182a e-con-full e-flex e-con e-child\" data-id=\"1eb182a\" data-element_type=\"container\">\n\t\t\t\t<div class=\"elementor-element elementor-element-64d9086 elementor-widget elementor-widget-image\" data-id=\"64d9086\" data-element_type=\"widget\" data-widget_type=\"image.default\">\n\t\t\t\t<div class=\"elementor-widget-container\">\n\t\t\t\t\t\t\t\t\t\t\t\t\t\t\t<img loading=\"lazy\" decoding=\"async\" width=\"1024\" height=\"140\" src=\"https:\/\/kazdedzieckomatalent.pl\/wp-content\/uploads\/2025\/05\/malopolska-logo-1024x140.png\" class=\"attachment-large size-large wp-image-1310\" alt=\"\" srcset=\"https:\/\/kazdedzieckomatalent.pl\/wp-content\/uploads\/2025\/05\/malopolska-logo-1024x140.png 1024w, https:\/\/kazdedzieckomatalent.pl\/wp-content\/uploads\/2025\/05\/malopolska-logo-300x41.png 300w, https:\/\/kazdedzieckomatalent.pl\/wp-content\/uploads\/2025\/05\/malopolska-logo-768x105.png 768w, https:\/\/kazdedzieckomatalent.pl\/wp-content\/uploads\/2025\/05\/malopolska-logo-1536x211.png 1536w, https:\/\/kazdedzieckomatalent.pl\/wp-content\/uploads\/2025\/05\/malopolska-logo.png 1670w\" sizes=\"(max-width: 1024px) 100vw, 1024px\" \/>\t\t\t\t\t\t\t\t\t\t\t\t\t\t\t<\/div>\n\t\t\t\t<\/div>\n\t\t\t\t<\/div>\n\t\t\t\t<\/div>\n\t\t\t\t<\/div>\n\t\t","protected":false},"excerpt":{"rendered":"<p>Informujemy, \u017ce od kwietnia 2026 r. planowany jest nab\u00f3r do udzia\u0142u w \u00f3smej edycji zadania publicznego pn. \u201eKa\u017cde dziecko ma [&hellip;]<\/p>\n","protected":false},"author":1,"featured_media":0,"parent":0,"menu_order":0,"comment_status":"closed","ping_status":"closed","template":"","meta":{"site-sidebar-layout":"no-sidebar","site-content-layout":"","ast-site-content-layout":"full-width-container","site-content-style":"default","site-sidebar-style":"default","ast-global-header-display":"","ast-banner-title-visibility":"","ast-main-header-display":"","ast-hfb-above-header-display":"","ast-hfb-below-header-display":"","ast-hfb-mobile-header-display":"","site-post-title":"disabled","ast-breadcrumbs-content":"","ast-featured-img":"disabled","footer-sml-layout":"","theme-transparent-header-meta":"","adv-header-id-meta":"","stick-header-meta":"","header-above-stick-meta":"","header-main-stick-meta":"","header-below-stick-meta":"","astra-migrate-meta-layouts":"default","ast-page-background-enabled":"default","ast-page-background-meta":{"desktop":{"background-color":"var(--ast-global-color-5)","background-image":"","background-repeat":"repeat","background-position":"center center","background-size":"auto","background-attachment":"scroll","background-type":"","background-media":"","overlay-type":"","overlay-color":"","overlay-opacity":"","overlay-gradient":""},"tablet":{"background-color":"","background-image":"","background-repeat":"repeat","background-position":"center center","background-size":"auto","background-attachment":"scroll","background-type":"","background-media":"","overlay-type":"","overlay-color":"","overlay-opacity":"","overlay-gradient":""},"mobile":{"background-color":"","background-image":"","background-repeat":"repeat","background-position":"center center","background-size":"auto","background-attachment":"scroll","background-type":"","background-media":"","overlay-type":"","overlay-color":"","overlay-opacity":"","overlay-gradient":""}},"ast-content-background-meta":{"desktop":{"background-color":"var(--ast-global-color-4)","background-image":"","background-repeat":"repeat","background-position":"center center","background-size":"auto","background-attachment":"scroll","background-type":"","background-media":"","overlay-type":"","overlay-color":"","overlay-opacity":"","overlay-gradient":""},"tablet":{"background-color":"var(--ast-global-color-4)","background-image":"","background-repeat":"repeat","background-position":"center center","background-size":"auto","background-attachment":"scroll","background-type":"","background-media":"","overlay-type":"","overlay-color":"","overlay-opacity":"","overlay-gradient":""},"mobile":{"background-color":"var(--ast-global-color-4)","background-image":"","background-repeat":"repeat","background-position":"center center","background-size":"auto","background-attachment":"scroll","background-type":"","background-media":"","overlay-type":"","overlay-color":"","overlay-opacity":"","overlay-gradient":""}},"footnotes":""},"class_list":["post-260","page","type-page","status-publish","hentry"],"_links":{"self":[{"href":"https:\/\/kazdedzieckomatalent.pl\/index.php\/wp-json\/wp\/v2\/pages\/260","targetHints":{"allow":["GET"]}}],"collection":[{"href":"https:\/\/kazdedzieckomatalent.pl\/index.php\/wp-json\/wp\/v2\/pages"}],"about":[{"href":"https:\/\/kazdedzieckomatalent.pl\/index.php\/wp-json\/wp\/v2\/types\/page"}],"author":[{"embeddable":true,"href":"https:\/\/kazdedzieckomatalent.pl\/index.php\/wp-json\/wp\/v2\/users\/1"}],"replies":[{"embeddable":true,"href":"https:\/\/kazdedzieckomatalent.pl\/index.php\/wp-json\/wp\/v2\/comments?post=260"}],"version-history":[{"count":181,"href":"https:\/\/kazdedzieckomatalent.pl\/index.php\/wp-json\/wp\/v2\/pages\/260\/revisions"}],"predecessor-version":[{"id":2060,"href":"https:\/\/kazdedzieckomatalent.pl\/index.php\/wp-json\/wp\/v2\/pages\/260\/revisions\/2060"}],"wp:attachment":[{"href":"https:\/\/kazdedzieckomatalent.pl\/index.php\/wp-json\/wp\/v2\/media?parent=260"}],"curies":[{"name":"wp","href":"https:\/\/api.w.org\/{rel}","templated":true}]}}