{"id":81,"date":"2025-04-28T20:39:16","date_gmt":"2025-04-28T18:39:16","guid":{"rendered":"http:\/\/kazdedzieckomatalent.pl\/index.php\/about\/"},"modified":"2025-05-18T16:31:40","modified_gmt":"2025-05-18T14:31:40","slug":"o-nas","status":"publish","type":"page","link":"https:\/\/kazdedzieckomatalent.pl\/index.php\/o-nas\/","title":{"rendered":"O NAS"},"content":{"rendered":"\t\t<div data-elementor-type=\"wp-page\" data-elementor-id=\"81\" class=\"elementor elementor-81\" data-elementor-post-type=\"page\">\n\t\t\t\t<div class=\"elementor-element elementor-element-0dd67dd e-flex e-con-boxed e-con e-parent\" data-id=\"0dd67dd\" data-element_type=\"container\">\n\t\t\t\t\t<div class=\"e-con-inner\">\n\t\t<div class=\"elementor-element elementor-element-fbe32f7 e-con-full e-flex e-con e-child\" data-id=\"fbe32f7\" data-element_type=\"container\">\n\t\t\t\t<div class=\"elementor-element elementor-element-e00a9a2 elementor-widget-tablet__width-initial elementor-widget-mobile__width-inherit elementor-widget__width-initial elementor-position-top elementor-widget elementor-widget-image-box\" data-id=\"e00a9a2\" data-element_type=\"widget\" data-widget_type=\"image-box.default\">\n\t\t\t\t<div class=\"elementor-widget-container\">\n\t\t\t\t\t<div class=\"elementor-image-box-wrapper\"><figure class=\"elementor-image-box-img\"><a href=\"https:\/\/kazdedzieckomatalent.pl\/index.php\/o-projekcie\/\" tabindex=\"-1\"><img fetchpriority=\"high\" decoding=\"async\" width=\"1500\" height=\"1000\" src=\"https:\/\/kazdedzieckomatalent.pl\/wp-content\/uploads\/2025\/05\/1557.jpg\" class=\"elementor-animation-grow attachment-full size-full wp-image-289\" alt=\"\" srcset=\"https:\/\/kazdedzieckomatalent.pl\/wp-content\/uploads\/2025\/05\/1557.jpg 1500w, https:\/\/kazdedzieckomatalent.pl\/wp-content\/uploads\/2025\/05\/1557-300x200.jpg 300w, https:\/\/kazdedzieckomatalent.pl\/wp-content\/uploads\/2025\/05\/1557-1024x683.jpg 1024w, https:\/\/kazdedzieckomatalent.pl\/wp-content\/uploads\/2025\/05\/1557-768x512.jpg 768w\" sizes=\"(max-width: 1500px) 100vw, 1500px\" \/><\/a><\/figure><div class=\"elementor-image-box-content\"><h4 class=\"elementor-image-box-title\"><a href=\"https:\/\/kazdedzieckomatalent.pl\/index.php\/o-projekcie\/\">O projekcie<\/a><\/h4><\/div><\/div>\t\t\t\t<\/div>\n\t\t\t\t<\/div>\n\t\t\t\t<div class=\"elementor-element elementor-element-82fe5b3 elementor-widget-tablet__width-initial elementor-widget-mobile__width-inherit elementor-widget__width-initial elementor-position-top elementor-widget elementor-widget-image-box\" data-id=\"82fe5b3\" data-element_type=\"widget\" data-widget_type=\"image-box.default\">\n\t\t\t\t<div class=\"elementor-widget-container\">\n\t\t\t\t\t<div class=\"elementor-image-box-wrapper\"><figure class=\"elementor-image-box-img\"><a href=\"https:\/\/kazdedzieckomatalent.pl\/index.php\/artysci\/\" tabindex=\"-1\"><img decoding=\"async\" width=\"1600\" height=\"1188\" src=\"https:\/\/kazdedzieckomatalent.pl\/wp-content\/uploads\/2025\/05\/Kinga-3.jpg\" class=\"elementor-animation-grow attachment-full size-full wp-image-508\" alt=\"\" srcset=\"https:\/\/kazdedzieckomatalent.pl\/wp-content\/uploads\/2025\/05\/Kinga-3.jpg 1600w, https:\/\/kazdedzieckomatalent.pl\/wp-content\/uploads\/2025\/05\/Kinga-3-300x223.jpg 300w, https:\/\/kazdedzieckomatalent.pl\/wp-content\/uploads\/2025\/05\/Kinga-3-1024x760.jpg 1024w, https:\/\/kazdedzieckomatalent.pl\/wp-content\/uploads\/2025\/05\/Kinga-3-768x570.jpg 768w, https:\/\/kazdedzieckomatalent.pl\/wp-content\/uploads\/2025\/05\/Kinga-3-1536x1140.jpg 1536w\" sizes=\"(max-width: 1600px) 100vw, 1600px\" \/><\/a><\/figure><div class=\"elementor-image-box-content\"><h4 class=\"elementor-image-box-title\"><a href=\"https:\/\/kazdedzieckomatalent.pl\/index.php\/artysci\/\">Arty\u015bci<\/a><\/h4><\/div><\/div>\t\t\t\t<\/div>\n\t\t\t\t<\/div>\n\t\t\t\t<div class=\"elementor-element elementor-element-61a13a0 elementor-widget-tablet__width-initial elementor-widget-mobile__width-inherit elementor-widget__width-initial elementor-position-top elementor-widget elementor-widget-image-box\" data-id=\"61a13a0\" data-element_type=\"widget\" data-widget_type=\"image-box.default\">\n\t\t\t\t<div class=\"elementor-widget-container\">\n\t\t\t\t\t<div class=\"elementor-image-box-wrapper\"><figure class=\"elementor-image-box-img\"><a href=\"https:\/\/kazdedzieckomatalent.pl\/index.php\/o-nas-w-mediach\/\" tabindex=\"-1\"><img decoding=\"async\" width=\"1500\" height=\"1000\" src=\"https:\/\/kazdedzieckomatalent.pl\/wp-content\/uploads\/2025\/05\/258.jpg\" class=\"elementor-animation-grow attachment-full size-full wp-image-288\" alt=\"\" srcset=\"https:\/\/kazdedzieckomatalent.pl\/wp-content\/uploads\/2025\/05\/258.jpg 1500w, https:\/\/kazdedzieckomatalent.pl\/wp-content\/uploads\/2025\/05\/258-300x200.jpg 300w, https:\/\/kazdedzieckomatalent.pl\/wp-content\/uploads\/2025\/05\/258-1024x683.jpg 1024w, https:\/\/kazdedzieckomatalent.pl\/wp-content\/uploads\/2025\/05\/258-768x512.jpg 768w\" sizes=\"(max-width: 1500px) 100vw, 1500px\" \/><\/a><\/figure><div class=\"elementor-image-box-content\"><h4 class=\"elementor-image-box-title\"><a href=\"https:\/\/kazdedzieckomatalent.pl\/index.php\/o-nas-w-mediach\/\">O Nas w mediach<\/a><\/h4><\/div><\/div>\t\t\t\t<\/div>\n\t\t\t\t<\/div>\n\t\t\t\t<div class=\"elementor-element elementor-element-6344da9 elementor-widget-tablet__width-initial elementor-widget-mobile__width-inherit elementor-widget__width-initial elementor-position-top elementor-widget elementor-widget-image-box\" data-id=\"6344da9\" data-element_type=\"widget\" data-widget_type=\"image-box.default\">\n\t\t\t\t<div class=\"elementor-widget-container\">\n\t\t\t\t\t<div class=\"elementor-image-box-wrapper\"><figure class=\"elementor-image-box-img\"><a href=\"https:\/\/kazdedzieckomatalent.pl\/index.php\/dolacz-do-nas\/\" tabindex=\"-1\"><img loading=\"lazy\" decoding=\"async\" width=\"1500\" height=\"1000\" src=\"https:\/\/kazdedzieckomatalent.pl\/wp-content\/uploads\/2025\/05\/1678.jpg\" class=\"elementor-animation-grow attachment-full size-full wp-image-704\" alt=\"\" srcset=\"https:\/\/kazdedzieckomatalent.pl\/wp-content\/uploads\/2025\/05\/1678.jpg 1500w, https:\/\/kazdedzieckomatalent.pl\/wp-content\/uploads\/2025\/05\/1678-300x200.jpg 300w, https:\/\/kazdedzieckomatalent.pl\/wp-content\/uploads\/2025\/05\/1678-1024x683.jpg 1024w, https:\/\/kazdedzieckomatalent.pl\/wp-content\/uploads\/2025\/05\/1678-768x512.jpg 768w\" sizes=\"(max-width: 1500px) 100vw, 1500px\" \/><\/a><\/figure><div class=\"elementor-image-box-content\"><h4 class=\"elementor-image-box-title\"><a href=\"https:\/\/kazdedzieckomatalent.pl\/index.php\/dolacz-do-nas\/\">Do\u0142\u0105cz do Nas<\/a><\/h4><\/div><\/div>\t\t\t\t<\/div>\n\t\t\t\t<\/div>\n\t\t\t\t<\/div>\n\t\t\t\t\t<\/div>\n\t\t\t\t<\/div>\n\t\t\t\t<\/div>\n\t\t","protected":false},"excerpt":{"rendered":"<p>O projekcie Arty\u015bci O Nas w mediach Do\u0142\u0105cz do Nas<\/p>\n","protected":false},"author":1,"featured_media":0,"parent":0,"menu_order":0,"comment_status":"closed","ping_status":"closed","template":"elementor_header_footer","meta":{"site-sidebar-layout":"default","site-content-layout":"","ast-site-content-layout":"","site-content-style":"default","site-sidebar-style":"default","ast-global-header-display":"","ast-banner-title-visibility":"","ast-main-header-display":"","ast-hfb-above-header-display":"","ast-hfb-below-header-display":"","ast-hfb-mobile-header-display":"","site-post-title":"","ast-breadcrumbs-content":"","ast-featured-img":"","footer-sml-layout":"","theme-transparent-header-meta":"","adv-header-id-meta":"","stick-header-meta":"","header-above-stick-meta":"","header-main-stick-meta":"","header-below-stick-meta":"","astra-migrate-meta-layouts":"default","ast-page-background-enabled":"default","ast-page-background-meta":{"desktop":{"background-color":"var(--ast-global-color-5)","background-image":"","background-repeat":"repeat","background-position":"center center","background-size":"auto","background-attachment":"scroll","background-type":"","background-media":"","overlay-type":"","overlay-color":"","overlay-opacity":"","overlay-gradient":""},"tablet":{"background-color":"","background-image":"","background-repeat":"repeat","background-position":"center center","background-size":"auto","background-attachment":"scroll","background-type":"","background-media":"","overlay-type":"","overlay-color":"","overlay-opacity":"","overlay-gradient":""},"mobile":{"background-color":"","background-image":"","background-repeat":"repeat","background-position":"center center","background-size":"auto","background-attachment":"scroll","background-type":"","background-media":"","overlay-type":"","overlay-color":"","overlay-opacity":"","overlay-gradient":""}},"ast-content-background-meta":{"desktop":{"background-color":"var(--ast-global-color-4)","background-image":"","background-repeat":"repeat","background-position":"center center","background-size":"auto","background-attachment":"scroll","background-type":"","background-media":"","overlay-type":"","overlay-color":"","overlay-opacity":"","overlay-gradient":""},"tablet":{"background-color":"var(--ast-global-color-4)","background-image":"","background-repeat":"repeat","background-position":"center center","background-size":"auto","background-attachment":"scroll","background-type":"","background-media":"","overlay-type":"","overlay-color":"","overlay-opacity":"","overlay-gradient":""},"mobile":{"background-color":"var(--ast-global-color-4)","background-image":"","background-repeat":"repeat","background-position":"center center","background-size":"auto","background-attachment":"scroll","background-type":"","background-media":"","overlay-type":"","overlay-color":"","overlay-opacity":"","overlay-gradient":""}},"footnotes":""},"class_list":["post-81","page","type-page","status-publish","hentry"],"_links":{"self":[{"href":"https:\/\/kazdedzieckomatalent.pl\/index.php\/wp-json\/wp\/v2\/pages\/81","targetHints":{"allow":["GET"]}}],"collection":[{"href":"https:\/\/kazdedzieckomatalent.pl\/index.php\/wp-json\/wp\/v2\/pages"}],"about":[{"href":"https:\/\/kazdedzieckomatalent.pl\/index.php\/wp-json\/wp\/v2\/types\/page"}],"author":[{"embeddable":true,"href":"https:\/\/kazdedzieckomatalent.pl\/index.php\/wp-json\/wp\/v2\/users\/1"}],"replies":[{"embeddable":true,"href":"https:\/\/kazdedzieckomatalent.pl\/index.php\/wp-json\/wp\/v2\/comments?post=81"}],"version-history":[{"count":32,"href":"https:\/\/kazdedzieckomatalent.pl\/index.php\/wp-json\/wp\/v2\/pages\/81\/revisions"}],"predecessor-version":[{"id":1102,"href":"https:\/\/kazdedzieckomatalent.pl\/index.php\/wp-json\/wp\/v2\/pages\/81\/revisions\/1102"}],"wp:attachment":[{"href":"https:\/\/kazdedzieckomatalent.pl\/index.php\/wp-json\/wp\/v2\/media?parent=81"}],"curies":[{"name":"wp","href":"https:\/\/api.w.org\/{rel}","templated":true}]}}